{"id":462,"date":"2016-09-22T17:48:14","date_gmt":"2016-09-22T16:48:14","guid":{"rendered":"http:\/\/informatique.ltett.lu\/?page_id=462"},"modified":"2022-09-10T17:44:27","modified_gmt":"2022-09-10T16:44:27","slug":"videos-java-pour-la-2gig","status":"publish","type":"page","link":"https:\/\/informatique.ltett.lu\/?page_id=462","title":{"rendered":"Vid\u00e9os JAVA pour la 2GIG"},"content":{"rendered":"<p>Ici se trouvent les vid\u00e9os pour les cours de la 2GIG. Pour les vid\u00e9os de la 3GIG&#8230; <a href=\"http:\/\/informatique.ltett.lu\/?page_id=20\">c&#8217;est par ici<\/a> et celles de la 1GIG&#8230; <a href=\"http:\/\/informatique.ltett.lu\/?page_id=770\">c&#8217;est par ici<\/a>!<\/p>\n<p><a href=\"https:\/\/www.youtube.com\/playlist?list=PL3LseQBo6yATerJ0kENefJKP_TgHtuSRv\">Playlist sur YouTube\u2026<\/a><\/p>\n<p><em>A &#8211; Installation \/ Rappels<\/em><\/p>\n<ul>\n<li>allez voir sur <a href=\"http:\/\/java.cnpi.lu\">java.cnpi.lu<\/a> pour toutes les ressources et l&#8217;installation de Java + Netbeans<\/li>\n<li style=\"list-style-type: none;\"><\/li>\n<\/ul>\n<p><em>B &#8211; NetBeans<br \/>\n<\/em><\/p>\n<ul>\n<li>B.1 &#8211; <a href=\"https:\/\/youtu.be\/InM-U3QYGFU\"><span id=\"eow-title\" class=\"watch-title\" dir=\"ltr\" title=\"Java for 12GE - Intro to NetBeans\">Intro to NetBeans<\/span><\/a><br \/>\nintroduction \u00e0 l&#8217;outil de programmation NetBeans<\/li>\n<li>B.2 &#8211; <span id=\"eow-title\" class=\"watch-title\" dir=\"ltr\" title=\"Java for 12GE - Autoboxing\"><\/span><a href=\"https:\/\/youtu.be\/u6HOibOK51s\"><span id=\"eow-title\" class=\"watch-title\" dir=\"ltr\" title=\"Java for 12GE - NetBeans project handling\">NetBeans: handling of projects and source code<\/span><\/a><br \/>\nmanipuler des projets et le code source (renommer, ajouter, &#8230; semi-automatiquement)<span id=\"eow-title\" class=\"watch-title\" dir=\"ltr\" title=\"Java for 12GE - Basic string operations\"><\/span><\/li>\n<li style=\"list-style-type: none;\"><\/li>\n<\/ul>\n<p><em>C &#8211; Notions importantes<br \/>\n<\/em><\/p>\n<ul>\n<li>C.1 &#8211; <a href=\"https:\/\/youtu.be\/RGcoPzoqe3A\"><span id=\"eow-title\" class=\"watch-title\" dir=\"ltr\" title=\"Java for 12GE - Objects\">Objects (new, null)<\/span><\/a><br \/>\ncr\u00e9ation d&#8217;objets et pseudo-valeur null<\/li>\n<li>C.2 &#8211;<a href=\"https:\/\/youtu.be\/ts4Cxwx40jY\"><span id=\"eow-title\" class=\"watch-title\" dir=\"ltr\" title=\"Java for 12GE - Autoboxing\"> Autoboxing<\/span><\/a><br \/>\npr\u00e9sentation des classes enveloppes<\/li>\n<li>C.3 &#8211; <span id=\"eow-title\" class=\"watch-title\" dir=\"ltr\" title=\"Java for 12GE - Basic string operations\"><a href=\"https:\/\/youtu.be\/5_Q-R0-xrmM\">Basic string operations<\/a><br \/>\nop\u00e9rations li\u00e9es aux cha\u00eenes de caract\u00e8res (String): conversion, contient, \u00e9galit\u00e9, comparaison<\/span><\/li>\n<\/ul>\n<p><em>D &#8211; Interfaces graphiques (GUI)<br \/>\n<\/em><\/p>\n<ul>\n<li>D.1 &#8211; <a href=\"https:\/\/youtu.be\/s6CUjaUFIVA\"><span id=\"eow-title\" class=\"watch-title\" dir=\"ltr\" title=\"Java for 12GE - NetBeans GUI builder - overview\">NetBeans GUI builder &#8211; overview<\/span><\/a><br \/>\naper\u00e7u de la cr\u00e9ation d&#8217;une GUI et les \u00e9l\u00e9ments graphiques de base<\/li>\n<li>D.2 &#8211; <a href=\"https:\/\/youtu.be\/SImZYw9md-M\"><span id=\"eow-title\" class=\"watch-title\" dir=\"ltr\" title=\"Java for 12GE - NetBeans GUI Builder Part 1\/4\">NetBeans GUI Builder Part 1\/4<\/span><\/a><br \/>\nexemple de cr\u00e9ation d&#8217;un GUI &#8211; ajout et placement des \u00e9l\u00e9ments graphiques<\/li>\n<li>D.3 &#8211; <span id=\"eow-title\" class=\"watch-title\" dir=\"ltr\" title=\"Java for 12GE - NetBeans GUI Builder Part 2\/4\"><a href=\"https:\/\/youtu.be\/AKYFJjjfw6o\">NetBeans GUI Builder Part 2\/4<\/a><\/span><br \/>\nexemple de cr\u00e9ation d&#8217;un GUI &#8211; initialisation et action des boutons<\/li>\n<li>D.4 &#8211; <a href=\"https:\/\/youtu.be\/DxFG_lF1rjo\"><span id=\"eow-title\" class=\"watch-title\" dir=\"ltr\" title=\"Java for 12GE - NetBeans GUI Builder Part 3\/4\">NetBeans GUI Builder Part 3\/4<\/span><\/a><br \/>\nexemple de cr\u00e9ation d&#8217;un GUI &#8211; modifier des valeurs<\/li>\n<li>D.5 &#8211; <a href=\"https:\/\/youtu.be\/Uo66Pp2EkYQ\"><span id=\"eow-title\" class=\"watch-title\" dir=\"ltr\" title=\"Java for 12GE - NetBeans GUI Builder Part 4\/4\">NetBeans GUI Builder Part 4\/4<\/span><\/a><br \/>\nexemple de cr\u00e9ation d&#8217;un GUI &#8211; explication du sch\u00e9ma MVC<\/li>\n<\/ul>\n<p><em>E &#8211; Listes (ArrayList et JList) &#8211; introduction<br \/>\n<\/em><\/p>\n<ul>\n<li>E.1 &#8211; <a href=\"https:\/\/youtu.be\/iFcAr3zbZQ8\">Intro to Array Lists with NetBeans<\/a><br \/>\npr\u00e9sentation de l&#8217;exemple d&#8217;une biblioth\u00e8que (<a href=\"http:\/\/informatique.ltett.lu\/wp-content\/uploads\/2016\/09\/book_management.zip\">projet initial<\/a>)<\/li>\n<li>E.2 &#8211; <a href=\"https:\/\/youtu.be\/9EObRxpW8WE\">Array Lists with NetBeans, part 2<\/a><br \/>\najout d&#8217;une liste Java (classe ArrayList) \u00e0 l&#8217;exemple de la biblioth\u00e8que<\/li>\n<li>E.3 &#8211; <a href=\"https:\/\/youtu.be\/HVkUYjOk19o\">Array Lists with NetBeans, part 3<\/a><br \/>\ngestion et manipulation de la liste (classe ArrayList) avec un \u00e9l\u00e9ment GUI (JList)<\/li>\n<\/ul>\n<p><em>F &#8211; Listes &#8211; algorithmes<br \/>\n<\/em><\/p>\n<ul>\n<li>F.1 &#8211; <a href=\"https:\/\/youtu.be\/pc8SxWoaszg\">ArrayLists: Basic Algorithms: Average<\/a><br \/>\nd\u00e9veloppement de l&#8217;algorithme du calcul de la moyenne d&#8217;une liste de valeurs<\/li>\n<li>F.2 &#8211; <a href=\"https:\/\/youtu.be\/zvle_Od3Ikk\">ArrayLists: Basic Algorithms: Max<\/a><br \/>\nd\u00e9veloppement de l&#8217;algorithme pour d\u00e9terminer le maximum d&#8217;une liste de valeurs<\/li>\n<li>F.3 &#8211; <a href=\"https:\/\/youtu.be\/cS6xR1qWM48\">ArrayLists: Basic Algorithms: Find<\/a><br \/>\nd\u00e9veloppement de l&#8217;algorithme pour rechercher le premier \u00e9l\u00e9ment d&#8217;une liste remplissant un crit\u00e8re de s\u00e9lection d\u00e9fini<\/li>\n<li>F.4 &#8211; <a href=\"https:\/\/youtu.be\/MmNL165qXO0\">ArrayLists: Testing the Algorithms<\/a><br \/>\nmontrer comment on peut simplifier le test des algorithmes sans avoir besoin de saisir les donn\u00e9es \u00e0 chaque fois<\/li>\n<li>F.5 &#8211; <a href=\"https:\/\/youtu.be\/XcmSaFuAXUE\">ArrayLists: Basic Algorithms: Count<\/a><br \/>\nd\u00e9veloppement de l&#8217;algorithme pour compter les \u00e9l\u00e9ments d&#8217;une liste remplissant un crit\u00e8re de s\u00e9lection d\u00e9fini<\/li>\n<li>F.6 &#8211;<a href=\"https:\/\/youtu.be\/4duG7f_T6K0\"> ArrayLists: Basic Algorithms: Remove<\/a><br \/>\nd\u00e9veloppement de l&#8217;algorithme pour enlever\/effa\u00e7er les \u00e9l\u00e9ments d&#8217;une liste remplissant un crit\u00e8re de s\u00e9lection d\u00e9fini<\/li>\n<li style=\"list-style-type: none;\"><\/li>\n<\/ul>\n<p><em>G &#8211; Listes &#8211; algorithme de tri par s\u00e9lection directe<br \/>\n<\/em><\/p>\n<ul>\n<li>G.1 &#8211; <a href=\"https:\/\/youtu.be\/LlBJAVc3SXM\">ArrayLists: Selection-Sort Algorithm &#8211; introduction<\/a><br \/>\npr\u00e9sentation du principe de l&#8217;algorithme de tri par s\u00e9lection directe<\/li>\n<li>G.2 &#8211; <a href=\"https:\/\/youtu.be\/M7BlcDP_Cak\">ArrayLists: Selection-Sort Algorithm &#8211; implementation<\/a><br \/>\nprogrammation de l&#8217;algorithme de tri par s\u00e9lection directe<\/li>\n<li>G.3 &#8211; <a href=\"https:\/\/youtu.be\/KS7bqLUjDLQ\">ArrayLists: Selection-Sort Algorithm &#8211; what about <em>real<\/em> objets?<\/a><br \/>\nutiliser des objets&nbsp;<em>r\u00e9els<\/em> dans l&#8217;algorithme de tri par s\u00e9lection directe<\/li>\n<li style=\"list-style-type: none;\"><\/li>\n<\/ul>\n<p><em>H &#8211; Graphique<\/em><\/p>\n<ul>\n<li>H.1 &#8211; <a href=\"https:\/\/youtu.be\/Bgi8WykqVfY\">Principles of how to draw things in Java<\/a><br \/>\nprincipes des graphiques en Java<\/li>\n<li>H.2 &#8211; <a href=\"https:\/\/youtu.be\/2qlOmVpcjMg\">How to program drawings with NetBeans<\/a><br \/>\ncomment programmer des graphiques avec NetBeans<\/li>\n<\/ul>\n","protected":false},"excerpt":{"rendered":"<p>Ici se trouvent les vid\u00e9os pour les cours de la 2GIG. Pour les vid\u00e9os de la 3GIG&#8230; c&#8217;est par ici et celles de la 1GIG&#8230; c&#8217;est par ici! Playlist sur YouTube\u2026 A &#8211; Installation \/ Rappels allez voir sur java.cnpi.lu pour toutes les ressources et l&#8217;installation de Java + Netbeans B &#8211; NetBeans B.1 &#8211; [&hellip;]<\/p>\n","protected":false},"author":1,"featured_media":0,"parent":0,"menu_order":0,"comment_status":"closed","ping_status":"closed","template":"","meta":{"footnotes":""},"class_list":["post-462","page","type-page","status-publish","hentry"],"_links":{"self":[{"href":"https:\/\/informatique.ltett.lu\/index.php?rest_route=\/wp\/v2\/pages\/462","targetHints":{"allow":["GET"]}}],"collection":[{"href":"https:\/\/informatique.ltett.lu\/index.php?rest_route=\/wp\/v2\/pages"}],"about":[{"href":"https:\/\/informatique.ltett.lu\/index.php?rest_route=\/wp\/v2\/types\/page"}],"author":[{"embeddable":true,"href":"https:\/\/informatique.ltett.lu\/index.php?rest_route=\/wp\/v2\/users\/1"}],"replies":[{"embeddable":true,"href":"https:\/\/informatique.ltett.lu\/index.php?rest_route=%2Fwp%2Fv2%2Fcomments&post=462"}],"version-history":[{"count":38,"href":"https:\/\/informatique.ltett.lu\/index.php?rest_route=\/wp\/v2\/pages\/462\/revisions"}],"predecessor-version":[{"id":2119,"href":"https:\/\/informatique.ltett.lu\/index.php?rest_route=\/wp\/v2\/pages\/462\/revisions\/2119"}],"wp:attachment":[{"href":"https:\/\/informatique.ltett.lu\/index.php?rest_route=%2Fwp%2Fv2%2Fmedia&parent=462"}],"curies":[{"name":"wp","href":"https:\/\/api.w.org\/{rel}","templated":true}]}}