{"id":469,"date":"2016-09-22T17:53:35","date_gmt":"2016-09-22T16:53:35","guid":{"rendered":"http:\/\/informatique.ltett.lu\/?page_id=469"},"modified":"2023-10-04T11:59:38","modified_gmt":"2023-10-04T10:59:38","slug":"2gig-activites","status":"publish","type":"page","link":"https:\/\/informatique.ltett.lu\/?page_id=469","title":{"rendered":"2GIG \u2013 Activit\u00e9s"},"content":{"rendered":"<p>Actuellement le cours de la 2GIG est dans le chapitre:<\/p>\n<p style=\"text-align: center;\"><strong>exercice r\u00e9capitulatif<\/strong><\/p>\n<p>Note: il n&#8217;est pas interdit de revoir les pages du cours et les vid\u00e9os d\u00e9j\u00e0 trait\u00e9s!<\/p>\n<p>Les exercices ont \u00e9galement leur solution zipp\u00e9e et parfois en PDF (apr\u00e8s avoir \u00e9t\u00e9 trait\u00e9s). <a title=\"Videos JAVA pour la 2GIG\" href=\"http:\/\/informatique.ltett.lu\/?page_id=462\">Toutes les vid\u00e9os sont ici&#8230;<\/a><\/p>\n<\/p>\n\n\n<h1 class=\"wp-block-heading\" id=\"05-07-2023\">05.07.2023<\/h1>\n\n\n<ul>\n<li>Devoir en classe<\/li>\n<li>Mati\u00e8re \u00e0 revoir: tout le cours -&gt; GUI, listes (ArrayList\/JList), algorithmes connus, graphiques<\/li>\n<\/ul>\n\n\n<h1 class=\"wp-block-heading\" id=\"28-06-2023\">28.06.2023<\/h1>\n\n\n<ul>\n<li>Mati\u00e8re: exercice r\u00e9capitulatif (fin)<\/li>\n<li>Cours pages: 44 &#8211; 51<\/li>\n<li>Vid\u00e9os: H.1 \u00e0 H.2<\/li>\n<li>Exercices: <strong>CS02<\/strong> (\u00e9nonc\u00e9, jar) &#8211; solution (projet, PDF)<\/li>\n<li>Travail \u00e0 faire \u00e0 domicile: \/<\/li>\n<\/ul>\n\n\n<h1 class=\"wp-block-heading\" id=\"21-06-2023\">21.06.2023<\/h1>\n\n\n<ul>\n<li>Mati\u00e8re: exercice r\u00e9capitulatif (d\u00e9but)<\/li>\n<li>Cours pages: 44 &#8211; 51<\/li>\n<li>Vid\u00e9os: H.1 \u00e0 H.2<\/li>\n<li>Exercices: <strong>CS02<\/strong> (\u00e9nonc\u00e9, jar)<\/li>\n<li>Travail \u00e0 faire \u00e0 domicile: \/<\/li>\n<\/ul>\n\n\n<h1 class=\"wp-block-heading\" id=\"15-06-2023\">15.06.2023<\/h1>\n\n\n<ul>\n<li>Mati\u00e8re: Graphiques &#8211; exercice complet avec listes<\/li>\n<li>Cours pages: 44 &#8211; 51<\/li>\n<li>Vid\u00e9os: H.1 \u00e0 H.2<\/li>\n<li>Exercices: <strong>D06<\/strong> (UMLs)<br \/>&#8211; version base: solution (projet \/ PDF)<br \/>&#8211; version am\u00e9lior\u00e9e: solution (projet \/ PDF)<\/li>\n<li>Travail \u00e0 faire \u00e0 domicile:<br \/>terminer version D06 am\u00e9lior\u00e9e<\/li>\n<\/ul>\n\n\n<h1 class=\"wp-block-heading\" id=\"07-06-2023\">07.06.2023<\/h1>\n\n\n<ul>\n<li>Devoir en classe: correction en d\u00e9tails<\/li>\n<\/ul>\n\n\n<h1 class=\"wp-block-heading\" id=\"24-05-2023\">24.05.2023<\/h1>\n\n\n<ul>\n<li>Devoir en classe<\/li>\n<li>Mati\u00e8re \u00e0 revoir: Graphiques &amp; algorithmes connus<\/li>\n<\/ul>\n\n\n<h1 class=\"wp-block-heading\" id=\"17-05-2023\">17.05.2023<\/h1>\n\n\n<ul>\n<li>Mati\u00e8re: Graphiques &#8211; damier<\/li>\n<li>Cours pages: 44 &#8211; 51<\/li>\n<li>Vid\u00e9os: H.1 \u00e0 H.2<\/li>\n<li>Exercices: <strong>D05<\/strong> (UML) &#8211; solution (projet \/ PDF)<\/li>\n<li>Travail \u00e0 faire \u00e0 domicile: comprendre le principe du dessin d&#8217;un quadrillage ou d&#8217;une grille avec des formes (carr\u00e9s, rectangles, ovales) remplies<\/li>\n<\/ul>\n\n\n<h1 class=\"wp-block-heading\" id=\"10-05-2023\">10.05.2023<\/h1>\n\n\n<ul>\n<li>Mati\u00e8re: Graphiques &#8211; damier<\/li>\n<li>Cours pages: 44 &#8211; 51<\/li>\n<li>Vid\u00e9os: H.1 \u00e0 H.2<\/li>\n<li>Exercices: <strong>D05<\/strong> (UML) &#8211; dessin du damier centr\u00e9<\/li>\n<li>Travail \u00e0 faire \u00e0 domicile: comprendre le principe du dessin d&#8217;un quadrillage ou d&#8217;une grille avec des formes (carr\u00e9s, rectangles, ovales) remplies<\/li>\n<\/ul>\n\n\n<h1 class=\"wp-block-heading\" id=\"03-05-2023\">03.05.2023<\/h1>\n\n\n<ul>\n<li>Mati\u00e8re: Graphiques &#8211; grille<\/li>\n<li>Cours pages: 44 &#8211; 51<\/li>\n<li>Vid\u00e9os: H.1 \u00e0 H.2<\/li>\n<li>Exercices: <strong>D02<\/strong> (UML) &#8211; solution (projet \/ PDF)<\/li>\n<li>Travail \u00e0 faire \u00e0 domicile: comprendre le principe du dessin d&#8217;un quadrillage ou d&#8217;une grille avec des lignes<\/li>\n<\/ul>\n\n\n<h1 class=\"wp-block-heading\" id=\"26-04-2023\">26.04.2023<\/h1>\n\n\n<ul>\n<li>Mati\u00e8re: Graphiques &#8211; introduction (partie 2)<\/li>\n<li>Cours pages: 44 &#8211; 51<\/li>\n<li>Vid\u00e9os: H.1 \u00e0 H.2<\/li>\n<li>Exercices: \/<\/li>\n<li>Travail \u00e0 faire \u00e0 domicile: comprendre le principe du dessin d&#8217;un quadrillage ou d&#8217;une grille avec des lignes<\/li>\n<\/ul>\n\n\n<h1 class=\"wp-block-heading\" id=\"19-04-2023\">19.04.2023<\/h1>\n\n\n<ul>\n<li>Mati\u00e8re: Graphiques &#8211; introduction (partie 1)<\/li>\n<li>Cours pages: 44 &#8211; 51<\/li>\n<li>Vid\u00e9os: H.1 \u00e0 H.2<\/li>\n<li>Exercices: \/<\/li>\n<li>Travail \u00e0 faire \u00e0 domicile: \/<\/li>\n<\/ul>\n\n\n<h1 class=\"wp-block-heading\" id=\"22-03-2023\">22.03.2023<\/h1>\n\n\n<ul>\n<li>Devoir en classe<\/li>\n<li>Mati\u00e8re \u00e0 revoir: Listes (ArrayList\/JList) + algorithmes connus<\/li>\n<\/ul>\n\n\n<h1 class=\"wp-block-heading\" id=\"15-03-2023\">15.03.2023<\/h1>\n\n\n<ul>\n<li>Mati\u00e8re: Listes (ArrayList) &#8211; algos connus<\/li>\n<li>Cours pages: 37 &#8211; 43<\/li>\n<li>Vid\u00e9os: E.1 \u00e0 E.3<\/li>\n<li>Exercices: <br \/>&#8211; <strong>CS01-partie 3<\/strong> (\u00e9nonc\u00e9, jar) &#8211; solution (projet \/ PDF)<\/li>\n<li>Travail \u00e0 faire \u00e0 domicile: pr\u00e9paration du devoir\n<ul>\n<li>C03\/C07: UML, version de travail pour commencer <em>user1,\u00a0GUI-done<\/em><br \/>solution: projet \/ PDF<\/li>\n<li>C12: UML, version de travail pour commencer <em>user<\/em><br \/>solution: projet \/ PDF<\/li>\n<\/ul>\n<\/li>\n<\/ul>\n\n\n<h1 class=\"wp-block-heading\" id=\"08-03-2023\">08.03.2023<\/h1>\n\n\n<ul>\n<li>Mati\u00e8re: Listes (ArrayList) &#8211; algos connus<\/li>\n<li>Cours pages: 37 &#8211; 43<\/li>\n<li>Vid\u00e9os: E.1 \u00e0 E.3<\/li>\n<li>Exercices: <br \/>&#8211; <strong>CS01-partie 2<\/strong> (\u00e9nonc\u00e9, jar) &#8211; solution (projet \/ PDF)<\/li>\n<li>Travail \u00e0 faire \u00e0 domicile: \/<\/li>\n<\/ul>\n\n\n<h1 class=\"wp-block-heading\" id=\"01-03-2023\">01.03.2023<\/h1>\n\n\n<ul>\n<li>Correction en d\u00e9tails du devoir en classe<\/li>\n<\/ul>\n\n\n<h1 class=\"wp-block-heading\" id=\"22-02-2023\">22.02.2023<\/h1>\n\n\n<ul>\n<li>Devoir en classe<\/li>\n<li>Mati\u00e8re \u00e0 revoir: Listes (ArrayList\/JList) + algorithmes connus<\/li>\n<\/ul>\n\n\n<h1 class=\"wp-block-heading\" id=\"08-02-2023\">08.02.2023<\/h1>\n\n\n<ul>\n<li>Mati\u00e8re: Listes (ArrayList) &#8211; algos connus<\/li>\n<li>Cours pages: 37 &#8211; 43<\/li>\n<li>Vid\u00e9os: E.1 \u00e0 E.3<\/li>\n<li>Exercices: <br \/>&#8211; <strong>CS01-partie 1<\/strong> (\u00e9nonc\u00e9, jar) &#8211; solution (projet \/ PDF)<\/li>\n<li>Travail \u00e0 faire \u00e0 domicile:\n<ul>\n<li>terminer CS01-partie: compl\u00e9ter m\u00e9thodes pour la fr\u00e9quence maximale<\/li>\n<\/ul>\n<\/li>\n<\/ul>\n\n\n<h1 class=\"wp-block-heading\" id=\"01-02-2023\">01.02.2023<\/h1>\n\n\n<ul>\n<li>Mati\u00e8re: Listes (ArrayList) &#8211; algos connus<\/li>\n<li>Cours pages: 37 &#8211; 43<\/li>\n<li>Vid\u00e9os: E.1 \u00e0 E.3<\/li>\n<li>Exercices: <br \/>&#8211; <strong>C02\/C06<\/strong> (UML) combin\u00e9s &#8211; solution (projet \/ PDF)<\/li>\n<li>Travail \u00e0 faire \u00e0 domicile:\n<ul>\n<li>terminer C02\/C06<\/li>\n<\/ul>\n<\/li>\n<\/ul>\n\n\n<h1 class=\"wp-block-heading\" id=\"25-01-2023\">25.01.2023<\/h1>\n\n\n<ul>\n<li>Mati\u00e8re: Listes (ArrayList) &#8211; algos connus<\/li>\n<li>Cours pages: 37 &#8211; 43<\/li>\n<li>Vid\u00e9os: E.1 \u00e0 E.3<\/li>\n<li>Exercices: <br \/>&#8211; <strong>C01\/C05<\/strong> (UML) combin\u00e9s &#8211; solution (projet \/ PDF)<br \/>&#8211; <strong>C02\/C06<\/strong> (UML) combin\u00e9s (d\u00e9but)<\/li>\n<li>Travail \u00e0 faire \u00e0 domicile: \/<\/li>\n<\/ul>\n\n\n<h1 class=\"wp-block-heading\" id=\"18-01-2023\">18.01.2023<\/h1>\n\n\n<ul>\n<li>Mati\u00e8re: Listes (ArrayList) &#8211; exercices<\/li>\n<li>Cours pages: 37 &#8211; 43<\/li>\n<li>Vid\u00e9os: E.1 \u00e0 E.3<\/li>\n<li>Exercices: partie 1 &#8211;<strong> sans<\/strong> les algorithmes <em>connus<\/em>: sommemoyenne\/max\/min<br \/><strong>C01\/C05<\/strong> (UML) combin\u00e9s &#8211; solution (projet \/ PDF)<\/li>\n<li>Travail \u00e0 faire \u00e0 domicile:\n<ul>\n<li>terminer C01\/C05<\/li>\n<\/ul>\n<\/li>\n<\/ul>\n\n\n<h1 class=\"wp-block-heading\" id=\"11-01-2023\">11.01.2023<\/h1>\n\n\n<ul>\n<li>Mati\u00e8re: Listes (ArrayList) &#8211; exercice d&#8217;introduction<\/li>\n<li>Cours pages: 37 &#8211; 43<\/li>\n<li>Vid\u00e9os: E.1 \u00e0 E.3<\/li>\n<li>Exercices: \/<\/li>\n<li>Travail \u00e0 faire \u00e0 domicile: \/<\/li>\n<\/ul>\n\n\n<h1 class=\"wp-block-heading\" id=\"14-12-2022\">14.12.2022<\/h1>\n\n\n<ul>\n<li>Devoir en classe<\/li>\n<li>Mati\u00e8re \u00e0 revoir: GUI + String + programmation d&#8217;une classe (mod\u00e8le)<\/li>\n<\/ul>\n\n\n<h1 class=\"wp-block-heading\" id=\"07-12-2022\">07.12.2022<\/h1>\n\n\n<p>Mati\u00e8re: Exercices simples GUI<\/p>\n<ul>\n<li>Cours pages: 24 &#8211; 36<\/li>\n<li>Vid\u00e9os: D.1 \u00e0 D.4<\/li>\n<li>Exercices: <strong>B10<\/strong> (UMLs)<br \/>&#8211; solution <em>progressbar<\/em>: projet \/ PDF<br \/>&#8211; solution <em>slider<\/em>: projet \/ PDF<\/li>\n<li>Travail \u00e0 faire \u00e0 domicile:\n<ul>\n<li>terminer 2 versions B10<\/li>\n<\/ul>\n<\/li>\n<\/ul>\n\n\n<h1 class=\"wp-block-heading\" id=\"30-11-2022\">30.11.2022<\/h1>\n\n\n<ul>\n<li>Mati\u00e8re: Exercices simples GUI<\/li>\n<li>Cours pages: 24 &#8211; 36<\/li>\n<li>Vid\u00e9os: D.1 \u00e0 D.4<\/li>\n<li>Exercices: <strong>B07<\/strong><\/li>\n<li>Travail \u00e0 faire \u00e0 domicile: \/<\/li>\n<\/ul>\n\n\n<h1 class=\"wp-block-heading\" id=\"23-11-2022\">23.11.2022<\/h1>\n\n\n<ul>\n<li>Mati\u00e8re: Exercices simples GUI<\/li>\n<li>Cours pages: 24 &#8211; 36<\/li>\n<li>Vid\u00e9os: D.1 \u00e0 D.4<\/li>\n<li>Exercices: <strong>B08<\/strong> (UMLs)<br \/>&#8211; solution RPN: projet \/ PDF<br \/>&#8211; solution STD: projet \/ PDF<\/li>\n<li>Travail \u00e0 faire \u00e0 domicile:\n<ul>\n<li>version &#8220;standard&#8221; de la calculatrice<\/li>\n<\/ul>\n<\/li>\n<\/ul>\n\n\n<h1 class=\"wp-block-heading\" id=\"16-11-2022\">16.11.2022<\/h1>\n\n\n<ul>\n<li>Correction Devoir en classe<\/li>\n<\/ul>\n\n\n<h1 class=\"wp-block-heading\" id=\"09-11-2022\">09.11.2022<\/h1>\n\n\n<ul>\n<li>Devoir en classe<\/li>\n<li>Mati\u00e8re \u00e0 revoir: GUI<\/li>\n<\/ul>\n\n\n<h1 class=\"wp-block-heading\" id=\"26-10-2022\">26.10.2022<\/h1>\n\n\n<ul>\n<li>Mati\u00e8re: Exercices simples GUI<\/li>\n<li>Cours pages: 24 &#8211; 36<\/li>\n<li>Vid\u00e9os: D.1 \u00e0 D.4<\/li>\n<li>Exercices: <strong>B03<\/strong> (UMLs)<br \/>&#8211; solution: projet \/ PDF<br \/>&#8211; solution <em>slider<\/em>: projet \/ PDF<\/li>\n<li>Travail \u00e0 faire \u00e0 domicile:\n<ul>\n<li>ajouter slider \u00e0 B03<\/li>\n<\/ul>\n<\/li>\n<\/ul>\n\n\n<h1 class=\"wp-block-heading\" id=\"19-10-2022\">19.10.2022<\/h1>\n\n\n<ul>\n<li>Mati\u00e8re: \u00c9l\u00e9ments+Principes GUI<\/li>\n<li>Cours pages: 24 &#8211; 36<\/li>\n<li>Vid\u00e9os: D.1 \u00e0 D.4<\/li>\n<li>Exercices: FirstGUI (exercice d&#8217;introduction) &#8211; suite<\/li>\n<li>Travail \u00e0 faire \u00e0 domicile:\n<ul>\n<li>lire cours pages 24-36<\/li>\n<\/ul>\n<\/li>\n<\/ul>\n\n\n<h1 class=\"wp-block-heading\" id=\"12-10-2022\">12.10.2022<\/h1>\n\n\n<ul>\n<li>Mati\u00e8re: \u00c9l\u00e9ments+Principes GUI<\/li>\n<li>Cours pages: 24 &#8211; 36<\/li>\n<li>Vid\u00e9os: D.1 \u00e0 D.4<\/li>\n<li>Exercices: FirstGUI (exercice d&#8217;introduction)<\/li>\n<li>Travail \u00e0 faire \u00e0 domicile:\n<ul>\n<li>lire cours pages 24-36<\/li>\n<\/ul>\n<\/li>\n<\/ul>\n\n\n<h1 class=\"wp-block-heading\" id=\"05-10-2022\">05.10.2022<\/h1>\n\n\n<ul>\n<li>Mati\u00e8re: Notions Base importantes &#8211; Auto(Un)Boxing, String, comparaison objets<\/li>\n<li>Cours pages: 9 &#8211; 13, 16 &#8211; 23<\/li>\n<li>Vid\u00e9os: B.1 et B.2 et C.1 \u00e0 C.3<\/li>\n<li>Exercices: \/<\/li>\n<li>Travail \u00e0 faire \u00e0 domicile:\n<ul>\n<li>il n&#8217;est pas interdit de revoir les pages du cours et les vid\u00e9os d\u00e9j\u00e0 trait\u00e9s!<\/li>\n<\/ul>\n<\/li>\n<\/ul>\n\n\n<h1 class=\"wp-block-heading\" id=\"28-09-2022\">28.09.2022<\/h1>\n\n\n<ul>\n<li>Mati\u00e8re: Notions Base importantes &#8211; new, null<\/li>\n<li>Cours pages: 9 &#8211; 13, 16 &#8211; 19<\/li>\n<li>Vid\u00e9os: B.1 et B.2 et C.1 \u00e0 C.3<\/li>\n<li>Exercices: \/<\/li>\n<li>Travail \u00e0 faire \u00e0 domicile:\n<ul>\n<li>il n&#8217;est pas interdit de revoir les pages du cours et les vid\u00e9os d\u00e9j\u00e0 trait\u00e9s!<\/li>\n<\/ul>\n<\/li>\n<\/ul>\n\n\n<h1 class=\"wp-block-heading\" id=\"21-09-2022\">21.09.2022<\/h1>\n\n\n<ul>\n<li>Mati\u00e8re: Pr\u00e9sentation et Introduction<\/li>\n<li>Cours pages: 6 &#8211; 12<\/li>\n<li>Vid\u00e9os: \/<\/li>\n<li>Exercices: Quickstart<\/li>\n<li>Travail \u00e0 faire \u00e0 domicile: installation (voir sur CNPI &#8211; 2GIG)<\/li>\n<\/ul>","protected":false},"excerpt":{"rendered":"<p>Actuellement le cours de la 2GIG est dans le chapitre: exercice r\u00e9capitulatif Note: il n&#8217;est pas interdit de revoir les pages du cours et les vid\u00e9os d\u00e9j\u00e0 trait\u00e9s! Les exercices ont \u00e9galement leur solution zipp\u00e9e et parfois en PDF (apr\u00e8s avoir \u00e9t\u00e9 trait\u00e9s). Toutes les vid\u00e9os sont ici&#8230; 05.07.2023 Devoir en classe Mati\u00e8re \u00e0 revoir: [&hellip;]<\/p>\n","protected":false},"author":1,"featured_media":0,"parent":0,"menu_order":0,"comment_status":"closed","ping_status":"closed","template":"page-templates\/full-width.php","meta":{"footnotes":""},"class_list":["post-469","page","type-page","status-publish","hentry"],"_links":{"self":[{"href":"https:\/\/informatique.ltett.lu\/index.php?rest_route=\/wp\/v2\/pages\/469","targetHints":{"allow":["GET"]}}],"collection":[{"href":"https:\/\/informatique.ltett.lu\/index.php?rest_route=\/wp\/v2\/pages"}],"about":[{"href":"https:\/\/informatique.ltett.lu\/index.php?rest_route=\/wp\/v2\/types\/page"}],"author":[{"embeddable":true,"href":"https:\/\/informatique.ltett.lu\/index.php?rest_route=\/wp\/v2\/users\/1"}],"replies":[{"embeddable":true,"href":"https:\/\/informatique.ltett.lu\/index.php?rest_route=%2Fwp%2Fv2%2Fcomments&post=469"}],"version-history":[{"count":430,"href":"https:\/\/informatique.ltett.lu\/index.php?rest_route=\/wp\/v2\/pages\/469\/revisions"}],"predecessor-version":[{"id":2374,"href":"https:\/\/informatique.ltett.lu\/index.php?rest_route=\/wp\/v2\/pages\/469\/revisions\/2374"}],"wp:attachment":[{"href":"https:\/\/informatique.ltett.lu\/index.php?rest_route=%2Fwp%2Fv2%2Fmedia&parent=469"}],"curies":[{"name":"wp","href":"https:\/\/api.w.org\/{rel}","templated":true}]}}