{"id":770,"date":"2017-09-17T19:49:43","date_gmt":"2017-09-17T18:49:43","guid":{"rendered":"http:\/\/informatique.ltett.lu\/?page_id=770"},"modified":"2020-05-03T15:57:42","modified_gmt":"2020-05-03T14:57:42","slug":"videos-java-pour-la-1gig","status":"publish","type":"page","link":"https:\/\/informatique.ltett.lu\/?page_id=770","title":{"rendered":"Vid\u00e9os JAVA pour la 1GIG"},"content":{"rendered":"<p>Ici se trouvent les vid\u00e9os pour les cours de la 1GIG. Pour les vid\u00e9os de la 3GIG&#8230; <a href=\"http:\/\/informatique.ltett.lu\/?page_id=20\" target=\"_blank\" rel=\"noopener\">c&#8217;est par ici<\/a> et celles de la 2GIG&#8230; <a href=\"http:\/\/informatique.ltett.lu\/?page_id=462\">c&#8217;est par ici<\/a>!<\/p>\n<p><a href=\"https:\/\/www.youtube.com\/playlist?list=PL3LseQBo6yATR7c2b-uIjyPlUjzYbup3a\">Playlist sur YouTube\u2026<\/a><\/p>\n<p><em>A &#8211; Installation \/ Rappels<br \/>\n<\/em><\/p>\n<ul>\n<li>A.1 &#8211; video de la <a href=\"http:\/\/java.cnpi.lu\/download.php?id=525\">CNPI sur l&#8217;installation de Java version <em>AdoptOpenJDK 11<\/em> et <em>NetBeans 11<\/em><\/a><br \/>\n(allez voir sur <a href=\"http:\/\/java.cnpi.lu\">java.cnpi.lu<\/a> pour toutes les ressources!)<\/li>\n<\/ul>\n<p><em>B &#8211; Les \u00e9v\u00e9nements de la souris<br \/>\n<\/em><\/p>\n<ul>\n<li>B.1 &#8211; <a href=\"https:\/\/youtu.be\/T_NtT2mcL0Y\">Mouse events in Netbeans<\/a><br \/>\nles actions\/\u00e9v\u00e9nements li\u00e9es \u00e0 la souris &#8211; T\u00e9l\u00e9charger le <a href=\"http:\/\/informatique.ltett.lu\/wp-content\/uploads\/2017\/09\/LinePainter.zip\">projet utilis\u00e9<\/a><\/li>\n<li>B.2 &#8211; <a href=\"https:\/\/youtu.be\/NlHAE97fsmk\">Draw a line with the mouse in NetBeans<\/a><br \/>\ncomment dessiner une ligne avec la souris<\/li>\n<li>B.3 &#8211; <a href=\"https:\/\/youtu.be\/323oGn4Lzr8\">Select graphical objects<\/a><br \/>\ncomment s\u00e9lectionner un objet graphique &#8211; T\u00e9l\u00e9charger le <a href=\"http:\/\/informatique.ltett.lu\/wp-content\/uploads\/2017\/09\/SquarePainter.zip\">projet utilis\u00e9<\/a><\/li>\n<\/ul>\n<p><em>C &#8211; Le chronom\u00e8tre<br \/>\n<\/em><\/p>\n<ul>\n<li>C.1 &#8211; <a href=\"https:\/\/youtu.be\/Qgh6fIOOM0Y\">Move graphical objects with Timer<\/a><br \/>\ncomment animer des objets graphiques &#8211; T\u00e9l\u00e9charger le <a href=\"http:\/\/informatique.ltett.lu\/wp-content\/uploads\/2017\/09\/SquarePainter.zip\">projet utilis\u00e9<\/a><\/li>\n<\/ul>\n<p><em>D &#8211; L&#8217;h\u00e9ritage de classes<br \/>\n<\/em><\/p>\n<ul>\n<li>D.1 &#8211; <a href=\"https:\/\/youtu.be\/4O_S8kbt-N4\">Introduction to inheritance (h\u00e9ritage) of classes Part 1 of 2<\/a><br \/>\nprincipes de l&#8217;h\u00e9ritage classes et l&#8217;utilisation dans ce cours<\/li>\n<li>D.2 &#8211; <a href=\"https:\/\/youtu.be\/pDkkCnlSJiA\">Introduction to inheritance (h\u00e9ritage) of classes Part 2 of 2<\/a><br \/>\nstructure d&#8217;un exemple d&#8217;une application type<\/li>\n<\/ul>\n<p>&nbsp;<\/p>\n","protected":false},"excerpt":{"rendered":"<p>Ici se trouvent les vid\u00e9os pour les cours de la 1GIG. Pour les vid\u00e9os de la 3GIG&#8230; c&#8217;est par ici et celles de la 2GIG&#8230; c&#8217;est par ici! Playlist sur YouTube\u2026 A &#8211; Installation \/ Rappels A.1 &#8211; video de la CNPI sur l&#8217;installation de Java version AdoptOpenJDK 11 et NetBeans 11 (allez voir sur [&hellip;]<\/p>\n","protected":false},"author":1,"featured_media":0,"parent":0,"menu_order":0,"comment_status":"closed","ping_status":"closed","template":"","meta":{"footnotes":""},"class_list":["post-770","page","type-page","status-publish","hentry"],"_links":{"self":[{"href":"https:\/\/informatique.ltett.lu\/index.php?rest_route=\/wp\/v2\/pages\/770","targetHints":{"allow":["GET"]}}],"collection":[{"href":"https:\/\/informatique.ltett.lu\/index.php?rest_route=\/wp\/v2\/pages"}],"about":[{"href":"https:\/\/informatique.ltett.lu\/index.php?rest_route=\/wp\/v2\/types\/page"}],"author":[{"embeddable":true,"href":"https:\/\/informatique.ltett.lu\/index.php?rest_route=\/wp\/v2\/users\/1"}],"replies":[{"embeddable":true,"href":"https:\/\/informatique.ltett.lu\/index.php?rest_route=%2Fwp%2Fv2%2Fcomments&post=770"}],"version-history":[{"count":20,"href":"https:\/\/informatique.ltett.lu\/index.php?rest_route=\/wp\/v2\/pages\/770\/revisions"}],"predecessor-version":[{"id":1615,"href":"https:\/\/informatique.ltett.lu\/index.php?rest_route=\/wp\/v2\/pages\/770\/revisions\/1615"}],"wp:attachment":[{"href":"https:\/\/informatique.ltett.lu\/index.php?rest_route=%2Fwp%2Fv2%2Fmedia&parent=770"}],"curies":[{"name":"wp","href":"https:\/\/api.w.org\/{rel}","templated":true}]}}