{"id":790,"date":"2017-09-17T20:09:55","date_gmt":"2017-09-17T19:09:55","guid":{"rendered":"http:\/\/informatique.ltett.lu\/?page_id=790"},"modified":"2024-02-25T17:08:42","modified_gmt":"2024-02-25T16:08:42","slug":"1gig-activites","status":"publish","type":"page","link":"https:\/\/informatique.ltett.lu\/?page_id=790","title":{"rendered":"1GIG \u2013 Activit\u00e9s"},"content":{"rendered":"<p>Actuellement le cours de la 1GIG est dans le chapitre:<\/p>\n<p style=\"text-align: center;\"><strong><em>Exercices et Examens<\/em><br \/><\/strong><\/p>\n<p>Note: il n&#8217;est pas interdit de revoir les pages du cours et les vid\u00e9os d\u00e9j\u00e0 trait\u00e9s!<\/p>\n<p>Les exercices ont \u00e9galement leur solution zipp\u00e9e et parfois en PDF (apr\u00e8s avoir \u00e9t\u00e9 trait\u00e9s). <a title=\"Videos JAVA pour la 1GGE\" href=\"http:\/\/informatique.ltett.lu\/?page_id=770\">Toutes les vid\u00e9os sont ici&#8230;<\/a><\/p>\n<\/p>\n\n\n<h1 class=\"wp-block-heading\" id=\"26-02-2024\">26.02.2024<\/h1>\n\n\n<ul>\n<li>Devoir en Classe<\/li>\n<li>Mati\u00e8re \u00e0 revoir: tout le programme de 2<sup>\u00e8me<\/sup> et 1<sup>\u00e8re<\/sup><\/li>\n<\/ul>\n\n\n\n<h1 class=\"wp-block-heading\" id=\"19-02-2024\">19.02.2024<\/h1>\n\n\n<ul>\n<li>Mati\u00e8re: Exercices d&#8217;Examens<\/li>\n<li>Cours pages: \/<\/li>\n<li>Vid\u00e9os: \/<\/li>\n<li>Exercices: Examen juin 2023<\/li>\n<li>Travail \u00e0 faire \u00e0 domicile: <br \/>&#8211; terminer examen<\/li>\n<\/ul>\n\n\n<h1 class=\"wp-block-heading\" id=\"05-02-2024\">05.02.2024<\/h1>\n\n\n<ul>\n<li>Mati\u00e8re: H\u00e9ritage &#8211; Exercices<\/li>\n<li>Cours pages: 9 &#8211; 18<\/li>\n<li>Vid\u00e9os: D.1 et D.2<\/li>\n<li>Exercices: <br \/>G06 (<a href=\"https:\/\/informatique.ltett.lu\/wp-content\/uploads\/2024\/02\/uml_exercice-G06.pdf\">UML<\/a>) &#8211; solution: <a href=\"https:\/\/informatique.ltett.lu\/wp-content\/uploads\/2024\/02\/G06-solution.zip\">projet<\/a> \/ <a href=\"https:\/\/informatique.ltett.lu\/wp-content\/uploads\/2024\/02\/G06-solution.pdf\">PDF<\/a> <br \/>G07 (<a href=\"https:\/\/informatique.ltett.lu\/wp-content\/uploads\/2024\/02\/uml_exercice-G07.pdf\">UMLs<\/a> \/ <a href=\"https:\/\/informatique.ltett.lu\/wp-content\/uploads\/2024\/02\/remarques_rectangles.pdf\">remarque<\/a>) &#8211; solutions<br \/>&#8211; version public: <a href=\"https:\/\/informatique.ltett.lu\/wp-content\/uploads\/2024\/02\/G07-solution_public.zip\">projet<\/a> \/ <a href=\"https:\/\/informatique.ltett.lu\/wp-content\/uploads\/2024\/02\/G07-solution_public.pdf\">PDF<\/a><br \/>&#8211; version private: <a href=\"https:\/\/informatique.ltett.lu\/wp-content\/uploads\/2024\/02\/G07-solution_private.zip\">projet<\/a> \/ <a href=\"https:\/\/informatique.ltett.lu\/wp-content\/uploads\/2024\/02\/G07-solution_private.pdf\">PDF<\/a><\/li>\n<li>Travail \u00e0 faire \u00e0 domicile: <br \/>&#8211; faire l&#8217;exercice G07<br \/>&#8211; revoir principes de l&#8217;h\u00e9ritage<\/li>\n<\/ul>\n\n\n<h1 class=\"wp-block-heading\" id=\"29-01-2024\">29.01.2024<\/h1>\n\n\n<ul>\n<li>Mati\u00e8re: H\u00e9ritage &#8211; Exercices<\/li>\n<li>Cours pages: 9 &#8211; 18<\/li>\n<li>Vid\u00e9os: D.1 et D.2<\/li>\n<li>Exercices: G04 (<a href=\"https:\/\/informatique.ltett.lu\/wp-content\/uploads\/2024\/01\/uml_exercice-G04.pdf\">UML<\/a>) &#8211; solution: <a href=\"https:\/\/informatique.ltett.lu\/wp-content\/uploads\/2024\/01\/G04-solution.zip\">projet<\/a> \/ <a href=\"https:\/\/informatique.ltett.lu\/wp-content\/uploads\/2024\/01\/G04-solution.pdf\">PDF<\/a><\/li>\n<li>Travail \u00e0 faire \u00e0 domicile: <br \/>&#8211; revoir principes de l&#8217;h\u00e9ritage<\/li>\n<\/ul>\n\n\n<h1 class=\"wp-block-heading\" id=\"22-01-2024\">22.01.2024<\/h1>\n\n\n<ul>\n<li>Mati\u00e8re: H\u00e9ritage &#8211; Introduction<\/li>\n<li>Cours pages: 9 &#8211; 18<\/li>\n<li>Vid\u00e9os: D.1 et D.2<\/li>\n<li>Exercices: G02 (<a href=\"https:\/\/informatique.ltett.lu\/wp-content\/uploads\/2024\/01\/uml_exercice-G02.pdf\">UMLs<\/a>) &#8211; solution:<br \/>&#8211; base: <a href=\"https:\/\/informatique.ltett.lu\/wp-content\/uploads\/2024\/01\/G02-solution.zip\">projet<\/a> \/ <a href=\"https:\/\/informatique.ltett.lu\/wp-content\/uploads\/2024\/01\/G02-solution.pdf\">PDF<\/a><br \/>&#8211; avanc\u00e9: <a href=\"https:\/\/informatique.ltett.lu\/wp-content\/uploads\/2024\/01\/G02-solution_advanced.zip\">projet<\/a> \/ <a href=\"https:\/\/informatique.ltett.lu\/wp-content\/uploads\/2024\/01\/G02-solution_advanced.pdf\">PDF<\/a><\/li>\n<li>Travail \u00e0 faire \u00e0 domicile: <br \/>&#8211; revoir principes de l&#8217;h\u00e9ritage<\/li>\n<\/ul>\n\n\n<h1 class=\"wp-block-heading\" id=\"15-01-2024\">15.01.2024<\/h1>\n\n\n<ul>\n<li>Mati\u00e8re: H\u00e9ritage &#8211; Introduction<\/li>\n<li>Cours pages: 9 &#8211; 18<\/li>\n<li>Vid\u00e9os: D.1 et D.2<\/li>\n<li>Exercices: exercice d&#8217;introduction<\/li>\n<li>Travail \u00e0 faire \u00e0 domicile: <br \/>&#8211; revoir principes de l&#8217;h\u00e9ritage<\/li>\n<\/ul>\n\n\n<h1 class=\"wp-block-heading\" id=\"08-01-2024\">08.01.2024<\/h1>\n\n\n<ul>\n<li>Devoir en Classe<\/li>\n<li>Mati\u00e8re \u00e0 revoir: Chronom\u00e8tre, MVC (listes, graphiques, &#8230;), \u00e9v\u00e9nements souris, algorithmes connus<\/li>\n<li>Comprendre les exercices <strong>F02 \u00e0 F07<\/strong> et l&#8217;exercice de pr\u00e9paration<\/li>\n<\/ul>\n\n\n<h1 class=\"wp-block-heading\" id=\"18-12-2023\">18.12.2023<\/h1>\n\n\n<ul>\n<li>Mati\u00e8re: Chronom\u00e8tre (Timer)<\/li>\n<li>Cours pages: 6 \u00e0 7<\/li>\n<li>Vid\u00e9os: C.1<\/li>\n<li>Exercices: Exercice pr\u00e9paration devoir<\/li>\n<li>Travail \u00e0 faire \u00e0 domicile: <br \/>&#8211; revoir principes du chronom\u00e8tre<\/li>\n<\/ul>\n\n\n<h1 class=\"wp-block-heading\" id=\"11-12-2023\">11.12.2023<\/h1>\n\n\n<ul>\n<li>Mati\u00e8re: Chronom\u00e8tre (Timer)<\/li>\n<li>Cours pages: 6 \u00e0 7<\/li>\n<li>Vid\u00e9os: C.1<\/li>\n<li>Exercices: F07 (<a href=\"https:\/\/informatique.ltett.lu\/wp-content\/uploads\/2023\/12\/uml_exercice-F07.pdf\">UML<\/a>) &#8211; solutions: <a href=\"https:\/\/informatique.ltett.lu\/wp-content\/uploads\/2023\/12\/F07-solution.zip\">projet<\/a> \/ <a href=\"https:\/\/informatique.ltett.lu\/wp-content\/uploads\/2023\/12\/F07-solution.pdf\">PDF<\/a><\/li>\n<li>Travail \u00e0 faire \u00e0 domicile: <br \/>&#8211; revoir principes du chronom\u00e8tre<\/li>\n<\/ul>\n\n\n<h1 class=\"wp-block-heading\" id=\"04-12-2023\">04.12.2023<\/h1>\n\n\n<ul>\n<li>Mati\u00e8re: Chronom\u00e8tre (Timer)<\/li>\n<li>Cours pages: 6 \u00e0 7<\/li>\n<li>Vid\u00e9os: C.1<\/li>\n<li>Exercices: F04 (<a href=\"https:\/\/informatique.ltett.lu\/wp-content\/uploads\/2023\/12\/uml_exercice-F04.pdf\">UMLs<\/a>) &#8211; solutions: <br \/>&#8211; base: <a href=\"https:\/\/informatique.ltett.lu\/wp-content\/uploads\/2023\/12\/F04_solution.zip\">projet<\/a> \/ <a href=\"https:\/\/informatique.ltett.lu\/wp-content\/uploads\/2023\/12\/F04_solution.pdf\">PDF<\/a><br \/>&#8211; avanc\u00e9 (avec des sliders): <a href=\"https:\/\/informatique.ltett.lu\/wp-content\/uploads\/2023\/12\/F04-a_solution.zip\">projet<\/a> \/ <a href=\"https:\/\/informatique.ltett.lu\/wp-content\/uploads\/2023\/12\/F04-a_solution.pdf\">PDF<\/a><\/li>\n<li>Travail \u00e0 faire \u00e0 domicile: <br \/>&#8211; revoir principes du chronom\u00e8tre<\/li>\n<\/ul>\n\n\n<h1 class=\"wp-block-heading\" id=\"27-11-2023\">27.11.2023<\/h1>\n\n\n<ul>\n<li>Mati\u00e8re: Chronom\u00e8tre (Timer)<\/li>\n<li>Cours pages: 6 \u00e0 7<\/li>\n<li>Vid\u00e9os: C.1<\/li>\n<li>Exercices: F03 (<a href=\"https:\/\/informatique.ltett.lu\/wp-content\/uploads\/2023\/11\/uml_exercice-F03.pdf\">UML<\/a>) &#8211; solution: <a href=\"https:\/\/informatique.ltett.lu\/wp-content\/uploads\/2023\/11\/F03_solution.zip\">projet<\/a> \/ <a href=\"https:\/\/informatique.ltett.lu\/wp-content\/uploads\/2023\/11\/F03_solution.pdf\">PDF<\/a><\/li>\n<li>Travail \u00e0 faire \u00e0 domicile: <br \/>&#8211; revoir principes du chronom\u00e8tre<\/li>\n<\/ul>\n\n\n<h1 class=\"wp-block-heading\" id=\"20-11-2023\">20.11.2023<\/h1>\n\n\n<ul>\n<li>Mati\u00e8re: Chronom\u00e8tre (Timer)<\/li>\n<li>Cours pages: 6 \u00e0 7<\/li>\n<li>Vid\u00e9os: C.1<\/li>\n<li>Exercices: F02 (<a href=\"https:\/\/informatique.ltett.lu\/wp-content\/uploads\/2023\/11\/uml_exercice-F02.pdf\">UML<\/a>) &#8211; solutions:<br \/>v1: couleurs RGBA al\u00e9atoires: <a href=\"https:\/\/informatique.ltett.lu\/wp-content\/uploads\/2023\/11\/F02_solution-v1.zip\">projet<\/a> \/ <a href=\"https:\/\/informatique.ltett.lu\/wp-content\/uploads\/2023\/11\/F02_solution-v1.pdf\">PDF<\/a><br \/>v2: 6 couleurs fixes al\u00e9atoires: <a href=\"https:\/\/informatique.ltett.lu\/wp-content\/uploads\/2023\/11\/F02_solution-v2.pdf\">projet<\/a> \/ <a href=\"https:\/\/informatique.ltett.lu\/wp-content\/uploads\/2023\/11\/F02_solution-v2.pdf\">PDF<\/a><\/li>\n<li>Travail \u00e0 faire \u00e0 domicile: <br \/>&#8211; revoir principes du chronom\u00e8tre<\/li>\n<\/ul>\n\n\n<h1 class=\"wp-block-heading\" id=\"13-11-2023\">13.11.2023<\/h1>\n\n\n<ul>\n<li>Devoir en Classe<\/li>\n<li>Mati\u00e8re \u00e0 revoir: MVC (listes, graphiques, &#8230;) + \u00e9v\u00e9nements souris<\/li>\n<li>Comprendre les exercices<strong> E02, E03 et E05<\/strong><\/li>\n<\/ul>\n\n\n<h1 class=\"wp-block-heading\" id=\"06-11-2023\">06.11.2023<\/h1>\n\n\n<ul>\n<li>Devoir en Classe &#8211; <strong><span style=\"color: #ff0000;\">Annul\u00e9, car alarme incendie<\/span><\/strong><\/li>\n<li>Mati\u00e8re \u00e0 revoir: MVC (listes, graphiques, &#8230;) + \u00e9v\u00e9nements souris<\/li>\n<li>Comprendre les exercices<strong> E02, E03 et E05<\/strong><\/li>\n<\/ul>\n\n\n<h1 class=\"wp-block-heading\" id=\"23-10-2023\">23.10.2023<\/h1>\n\n\n<ul>\n<li>Mati\u00e8re: Chronom\u00e8tre (Timer)<\/li>\n<li>Cours pages: 6 \u00e0 7<\/li>\n<li>Vid\u00e9os: C.1<\/li>\n<li>Exercices: F01-avanc\u00e9 (<a href=\"https:\/\/informatique.ltett.lu\/wp-content\/uploads\/2023\/10\/F01_avance.pdf\">\u00e9nonc\u00e9+UML<\/a>, <a href=\"https:\/\/informatique.ltett.lu\/wp-content\/uploads\/2023\/10\/F01-SimpleChrono_Advanced.jar\">jar<\/a>) &#8211; solution: <a href=\"https:\/\/informatique.ltett.lu\/wp-content\/uploads\/2023\/10\/F01_solution_avance.zip\">projet<\/a> \/ <a href=\"https:\/\/informatique.ltett.lu\/wp-content\/uploads\/2023\/10\/F01_solution_avance.pdf\">PDF<\/a><\/li>\n<li>Travail \u00e0 faire \u00e0 domicile: <br \/>&#8211; terminer F01 avanc\u00e9<br \/>&#8211; revoir principes du chronom\u00e8tre<\/li>\n<\/ul>\n\n\n<h1 class=\"wp-block-heading\" id=\"16-10-2023\">16.10.2023<\/h1>\n\n\n<ul>\n<li>Mati\u00e8re: \u00c9v\u00e9nements de la souris<\/li>\n<li>Cours pages: 1 \u00e0 5<\/li>\n<li>Vid\u00e9os: B.1 et B.2<\/li>\n<li>Exercices: E05-avanc\u00e9 (<a href=\"https:\/\/informatique.ltett.lu\/wp-content\/uploads\/2023\/10\/E05-avance.pdf\">\u00e9nonc\u00e9+UML<\/a>, <a href=\"https:\/\/informatique.ltett.lu\/wp-content\/uploads\/2023\/10\/E05-CheckersAdvanced.jar\">jar<\/a>, <a href=\"https:\/\/informatique.ltett.lu\/wp-content\/uploads\/2023\/10\/E05-depart.zip\">projet d\u00e9part<\/a>) \u2013 solution: <a href=\"https:\/\/informatique.ltett.lu\/wp-content\/uploads\/2023\/10\/E05-solution_avance.zip\">projet<\/a> \/ <a href=\"https:\/\/informatique.ltett.lu\/wp-content\/uploads\/2023\/10\/E05-solution_avance.pdf\">PDF<\/a><\/li>\n<li>Travail \u00e0 faire \u00e0 domicile: terminer et comprendre E05 version avanc\u00e9e<\/li>\n<\/ul>\n\n\n<h1 class=\"wp-block-heading\" id=\"09-10-2023\">09.10.2023<\/h1>\n\n\n<ul>\n<li>Mati\u00e8re: \u00c9v\u00e9nements de la souris<\/li>\n<li>Cours pages: 1 \u00e0 5<\/li>\n<li>Vid\u00e9os: B.1 et B.2<\/li>\n<li>Exercices: E05 (<a href=\"https:\/\/informatique.ltett.lu\/wp-content\/uploads\/2023\/10\/uml_exercice-E05.pdf\">UML<\/a>) \u2013 solution: <a href=\"https:\/\/informatique.ltett.lu\/wp-content\/uploads\/2023\/10\/E05-solution.zip\">projet<\/a> \/ <a href=\"https:\/\/informatique.ltett.lu\/wp-content\/uploads\/2023\/10\/E05-solution.pdf\">PDF<\/a><\/li>\n<li>Travail \u00e0 faire \u00e0 domicile: \/<\/li>\n<\/ul>\n\n\n<h1 class=\"wp-block-heading\" id=\"02-10-2023\">02.10.2023<\/h1>\n\n\n<ul>\n<li>Mati\u00e8re: \u00c9v\u00e9nements de la souris<\/li>\n<li>Cours pages: 1 \u00e0 5<\/li>\n<li>Vid\u00e9os: B.1 et B.2<\/li>\n<li>Exercices: <br \/>E02 (<a href=\"https:\/\/informatique.ltett.lu\/wp-content\/uploads\/2023\/10\/uml_exercice-E02.pdf\">UML<\/a>, <a href=\"https:\/\/informatique.ltett.lu\/wp-content\/uploads\/2023\/10\/E02-TraceurLignes.jar\">jar<\/a>) \u2013 solution: <a href=\"https:\/\/informatique.ltett.lu\/wp-content\/uploads\/2023\/10\/E02-solution.zip\">projet<\/a> \/ <a href=\"https:\/\/informatique.ltett.lu\/wp-content\/uploads\/2023\/10\/E02-solution.pdf\">PDF<\/a><br \/>E03 (<a href=\"https:\/\/informatique.ltett.lu\/wp-content\/uploads\/2023\/10\/uml_exercice-E03.pdf\">UMLs<\/a>, <a href=\"https:\/\/informatique.ltett.lu\/wp-content\/uploads\/2023\/10\/E03-TraceurLignesCouleurs.jar\">jar base<\/a>, <a href=\"https:\/\/informatique.ltett.lu\/wp-content\/uploads\/2023\/10\/E03-TraceurLignesCouleurs-v2.jar\">jar avanc\u00e9e<\/a>) \u2013 solutions: base &#8211; <a href=\"https:\/\/informatique.ltett.lu\/wp-content\/uploads\/2023\/10\/E03-solution.zip\">projet<\/a> \/ <a href=\"https:\/\/informatique.ltett.lu\/wp-content\/uploads\/2023\/10\/E03-solution.pdf\">PDF<\/a>, avanc\u00e9e \u2013 <a href=\"https:\/\/informatique.ltett.lu\/wp-content\/uploads\/2023\/10\/E03-solution_v2.zip\">projet<\/a> \/ <a href=\"https:\/\/informatique.ltett.lu\/wp-content\/uploads\/2023\/10\/E03-solution_v2.pdf\">PDF<\/a><\/li>\n<li>Travail \u00e0 faire \u00e0 domicile: <br \/>&#8211; terminer E03<\/li>\n<\/ul>\n\n\n<h1 class=\"wp-block-heading\" id=\"25-09-2023\">25.09.2023<\/h1>\n\n\n<ul>\n<li>Mati\u00e8re: Exercices r\u00e9capitulatifs sur les connaissances de la 2GIG<\/li>\n<li>Cours pages: \/<\/li>\n<li>Vid\u00e9os: <a href=\"http:\/\/informatique.ltett.lu\/?page_id=462\">A.1 \u00e0 H.2 (toutes celles de la 2GIG\u2026)<\/a><\/li>\n<li>Exercices: Exercice recapitulatif 1 \/ 1A \u2013 solutions: <a href=\"https:\/\/informatique.ltett.lu\/wp-content\/uploads\/2023\/10\/DR1-solution.zip\">projet<\/a> \/ <a href=\"https:\/\/informatique.ltett.lu\/wp-content\/uploads\/2023\/10\/DR1-solution.pdf\">PDF<\/a>, 1A &#8211; <a href=\"https:\/\/informatique.ltett.lu\/wp-content\/uploads\/2023\/10\/DR1A-solution.zip\">projet<\/a> \/ <a href=\"https:\/\/informatique.ltett.lu\/wp-content\/uploads\/2023\/10\/DR1A-solution.pdf\">PDF<\/a><\/li>\n<li>Travail \u00e0 faire \u00e0 domicile:<br \/>&#8211; revoir connaissances de 2GIG<br \/>&#8211; terminer exercices recapitulatifs:<br \/>2 \u2013 solution: <a href=\"https:\/\/informatique.ltett.lu\/wp-content\/uploads\/2023\/10\/DR2-solution.zip\">projet<\/a> \/ <a href=\"https:\/\/informatique.ltett.lu\/wp-content\/uploads\/2023\/10\/DR2-solution.pdf\">PDF<\/a><br \/>3 \u2013 solution: <a href=\"https:\/\/informatique.ltett.lu\/wp-content\/uploads\/2023\/10\/DR3-solution.zip\">projet<\/a> \/ <a href=\"https:\/\/informatique.ltett.lu\/wp-content\/uploads\/2023\/10\/DR3-solution.pdf\">PDF<\/a><br \/>4 \u2013 solution: <a href=\"https:\/\/informatique.ltett.lu\/wp-content\/uploads\/2023\/10\/DR4-solution.zip\">projet<\/a> \/ <a href=\"https:\/\/informatique.ltett.lu\/wp-content\/uploads\/2023\/10\/DR4-solution.pdf\">PDF<\/a><\/li>\n<\/ul>","protected":false},"excerpt":{"rendered":"<p>Actuellement le cours de la 1GIG est dans le chapitre: Exercices et Examens Note: il n&#8217;est pas interdit de revoir les pages du cours et les vid\u00e9os d\u00e9j\u00e0 trait\u00e9s! Les exercices ont \u00e9galement leur solution zipp\u00e9e et parfois en PDF (apr\u00e8s avoir \u00e9t\u00e9 trait\u00e9s). Toutes les vid\u00e9os sont ici&#8230; 26.02.2024 Devoir en Classe Mati\u00e8re \u00e0 [&hellip;]<\/p>\n","protected":false},"author":1,"featured_media":0,"parent":0,"menu_order":0,"comment_status":"closed","ping_status":"closed","template":"","meta":{"footnotes":""},"class_list":["post-790","page","type-page","status-publish","hentry"],"_links":{"self":[{"href":"https:\/\/informatique.ltett.lu\/index.php?rest_route=\/wp\/v2\/pages\/790","targetHints":{"allow":["GET"]}}],"collection":[{"href":"https:\/\/informatique.ltett.lu\/index.php?rest_route=\/wp\/v2\/pages"}],"about":[{"href":"https:\/\/informatique.ltett.lu\/index.php?rest_route=\/wp\/v2\/types\/page"}],"author":[{"embeddable":true,"href":"https:\/\/informatique.ltett.lu\/index.php?rest_route=\/wp\/v2\/users\/1"}],"replies":[{"embeddable":true,"href":"https:\/\/informatique.ltett.lu\/index.php?rest_route=%2Fwp%2Fv2%2Fcomments&post=790"}],"version-history":[{"count":281,"href":"https:\/\/informatique.ltett.lu\/index.php?rest_route=\/wp\/v2\/pages\/790\/revisions"}],"predecessor-version":[{"id":2520,"href":"https:\/\/informatique.ltett.lu\/index.php?rest_route=\/wp\/v2\/pages\/790\/revisions\/2520"}],"wp:attachment":[{"href":"https:\/\/informatique.ltett.lu\/index.php?rest_route=%2Fwp%2Fv2%2Fmedia&parent=790"}],"curies":[{"name":"wp","href":"https:\/\/api.w.org\/{rel}","templated":true}]}}