{"id":8,"date":"2014-03-20T16:58:05","date_gmt":"2014-03-20T16:58:05","guid":{"rendered":"http:\/\/informatique.ltett.lu\/?page_id=8"},"modified":"2017-03-07T13:41:15","modified_gmt":"2017-03-07T12:41:15","slug":"projets-di","status":"publish","type":"page","link":"https:\/\/informatique.ltett.lu\/?page_id=8","title":{"rendered":"Projets DI"},"content":{"rendered":"<p>Voici la page de garde pour nos projets. Vous trouverez un descriptif et une page dedi\u00e9e sur certains projets.<\/p>\n<table cellspacing=\"0\" cellpadding=\"0\">\n<tbody>\n<tr>\n<td valign=\"top\"><a href=\"http:\/\/cdays.ltett.lu\" target=\"_blank\"><span style=\"color: #000000; font-family: Helvetica; font-size: small;\">CDays<\/span><\/a><\/td>\n<td valign=\"top\"><\/td>\n<\/tr>\n<tr>\n<td valign=\"top\"><span style=\"color: #000000; font-family: Helvetica; font-size: small;\">Sites web (cloud, Intranet, d\u00e9partementaux)<\/span><\/td>\n<td valign=\"top\"><\/td>\n<\/tr>\n<tr>\n<td valign=\"top\"><a href=\"mailto:plotter@ltett.lu\"><span style=\"color: #000000; font-family: Helvetica; font-size: small;\">Impression DIN A3-A2-A1<\/span><\/a><\/td>\n<td valign=\"top\"><\/td>\n<\/tr>\n<tr>\n<td valign=\"top\"><a href=\"mailto:linsy@ltett.lu\"><span style=\"color: #000000; font-family: Helvetica; font-size: small;\">Syst\u00e8me d&#8217;information interne LInSy<\/span><\/a><\/td>\n<td valign=\"top\"><\/td>\n<\/tr>\n<tr>\n<td valign=\"top\"><a href=\"http:\/\/makerspace.ltett.lu\" target=\"_blank\"><span style=\"color: #000000; font-family: Helvetica; font-size: small;\">Makerspace<\/span><\/a><\/td>\n<td valign=\"top\"><\/td>\n<\/tr>\n<tr>\n<td valign=\"top\"><span style=\"color: #000000; font-family: Helvetica; font-size: small;\">Maintenance parc informatique<\/span><\/td>\n<td valign=\"top\"><\/td>\n<\/tr>\n<tr>\n<td valign=\"top\"><span style=\"color: #000000; font-family: Helvetica; font-size: small;\">Informations d\u2019utilisation<\/span><\/td>\n<td valign=\"top\"><span style=\"color: #000000; font-family: Helvetica; font-size: small;\">LuxTRUST<\/span><\/td>\n<\/tr>\n<tr>\n<td valign=\"top\"><\/td>\n<td valign=\"top\"><span style=\"color: #000000; font-family: Helvetica; font-size: small;\">IAM<\/span><\/td>\n<\/tr>\n<tr>\n<td valign=\"top\"><span style=\"color: #000000; font-family: Helvetica; font-size: small;\">Cours<\/span><\/td>\n<td valign=\"top\"><a href=\"http:\/\/youtube.ltett.lu\" target=\"_blank\"><span style=\"color: #000000; font-family: Helvetica; font-size: small;\">Java<\/span><\/a><\/td>\n<\/tr>\n<tr>\n<td valign=\"top\"><\/td>\n<td valign=\"top\"><span style=\"color: #000000; font-family: Helvetica; font-size: small;\">Scratch<\/span><\/td>\n<\/tr>\n<tr>\n<td valign=\"top\"><span style=\"color: #000000; font-family: Helvetica; font-size: small;\">Options parascolaires<\/span><\/td>\n<td valign=\"top\"><span style=\"color: #000000; font-family: Helvetica; font-size: small;\">Arduino<\/span><\/td>\n<\/tr>\n<tr>\n<td valign=\"top\"><\/td>\n<td valign=\"top\"><span style=\"color: #000000; font-family: Helvetica; font-size: small;\">Design et impression 3D<\/span><\/td>\n<\/tr>\n<\/tbody>\n<\/table>\n","protected":false},"excerpt":{"rendered":"<p>Voici la page de garde pour nos projets. Vous trouverez un descriptif et une page dedi\u00e9e sur certains projets. CDays Sites web (cloud, Intranet, d\u00e9partementaux) Impression DIN A3-A2-A1 Syst\u00e8me d&#8217;information interne LInSy Makerspace Maintenance parc informatique Informations d\u2019utilisation LuxTRUST IAM Cours Java Scratch Options parascolaires Arduino Design et impression 3D<\/p>\n","protected":false},"author":1,"featured_media":0,"parent":0,"menu_order":0,"comment_status":"open","ping_status":"open","template":"","meta":{"footnotes":""},"class_list":["post-8","page","type-page","status-publish","hentry"],"_links":{"self":[{"href":"https:\/\/informatique.ltett.lu\/index.php?rest_route=\/wp\/v2\/pages\/8","targetHints":{"allow":["GET"]}}],"collection":[{"href":"https:\/\/informatique.ltett.lu\/index.php?rest_route=\/wp\/v2\/pages"}],"about":[{"href":"https:\/\/informatique.ltett.lu\/index.php?rest_route=\/wp\/v2\/types\/page"}],"author":[{"embeddable":true,"href":"https:\/\/informatique.ltett.lu\/index.php?rest_route=\/wp\/v2\/users\/1"}],"replies":[{"embeddable":true,"href":"https:\/\/informatique.ltett.lu\/index.php?rest_route=%2Fwp%2Fv2%2Fcomments&post=8"}],"version-history":[{"count":7,"href":"https:\/\/informatique.ltett.lu\/index.php?rest_route=\/wp\/v2\/pages\/8\/revisions"}],"predecessor-version":[{"id":680,"href":"https:\/\/informatique.ltett.lu\/index.php?rest_route=\/wp\/v2\/pages\/8\/revisions\/680"}],"wp:attachment":[{"href":"https:\/\/informatique.ltett.lu\/index.php?rest_route=%2Fwp%2Fv2%2Fmedia&parent=8"}],"curies":[{"name":"wp","href":"https:\/\/api.w.org\/{rel}","templated":true}]}}