{"id":98,"date":"2014-11-23T15:10:10","date_gmt":"2014-11-23T14:10:10","guid":{"rendered":"http:\/\/informatique.ltett.lu\/?page_id=98"},"modified":"2023-10-04T11:57:36","modified_gmt":"2023-10-04T10:57:36","slug":"3gig-activites-actuelles","status":"publish","type":"page","link":"https:\/\/informatique.ltett.lu\/?page_id=98","title":{"rendered":"3GIG \u2013 Activit\u00e9s"},"content":{"rendered":"<p>Actuellement le cours de la 3GIG est dans le chapitre:<\/p>\n<p style=\"text-align: center;\"><b><i>Boucles imbriqu\u00e9es<br \/>\n<\/i><\/b><\/p>\n<p style=\"text-align: left;\">Les exercices ont \u00e9galement leur solution PDF (apr\u00e8s avoir \u00e9t\u00e9 trait\u00e9s). <a title=\"Videos JAVA pour la 11TG\" href=\"http:\/\/informatique.ltett.lu\/?page_id=20\">Toutes les vid\u00e9os sont ici&#8230;<\/a><\/p>\n<h1>27.06.2019<\/h1>\n<ul>\n<li>Mati\u00e8re: boucles imbriqu\u00e9es<\/li>\n<li>Cours pages: 1 &#8211; 47<\/li>\n<li>Vid\u00e9os: \/<\/li>\n<li>Exercices: Exercice 29 et 30 modifi\u00e9s (\u00e9nonc\u00e9s) &#8211; solutions: 29, 30<br \/>\n[ Exercice 26 modifi\u00e9 (\u00e9nonc\u00e9) &#8211; solutions:\u00a0 26a, 26b, 26c et 26d ]<\/li>\n<li>Vid\u00e9os \u00e0 voir: \/<\/li>\n<li>Travail \u00e0 faire: \/<\/li>\n<\/ul>\n<h1>20.06.2019<\/h1>\n<ul>\n<li>Mati\u00e8re: exercices avec objets<\/li>\n<li>Cours pages: 1 &#8211; 47<\/li>\n<li>Vid\u00e9os: \/<\/li>\n<li>Exercices: Exercice 26a (suite et fin) modifi\u00e9 (\u00e9nonc\u00e9)<\/li>\n<li>Vid\u00e9os \u00e0 voir: \/<\/li>\n<li>Travail \u00e0 faire: \/<\/li>\n<\/ul>\n<h1>13.06.2019<\/h1>\n<ul>\n<li>Mati\u00e8re: exercices avec objets<\/li>\n<li>Cours pages: 1 &#8211; 47<\/li>\n<li>Vid\u00e9os: \/<\/li>\n<li>Exercices: Exercice 26a modifi\u00e9 (\u00e9nonc\u00e9)<\/li>\n<li>Vid\u00e9os \u00e0 voir: \/<\/li>\n<li>Travail \u00e0 faire:\n<ul>\n<li>pr\u00e9parer test suppl\u00e9mentaire optionnel: algorithmes connus<\/li>\n<\/ul>\n<\/li>\n<\/ul>\n<h1>06.06.2019<\/h1>\n<ul>\n<li>Devoir en classe<\/li>\n<\/ul>\n<h1>23.05.2019<\/h1>\n<ul>\n<li>Mati\u00e8re: algorithmes avanc\u00e9s &#8211; min\/max et nombre premier<\/li>\n<li>Cours pages: 40 &#8211; 45<\/li>\n<li>Vid\u00e9os:\u00a0J.4 &#8211; find highest and lowest numbers in a range of numbers, J.5 &#8211; prime numbers \u2013 easiest algorithme\u00a0(optionnel: J.6 &#8211; prime numbers \u2013 optimized algorithm)<\/li>\n<li>Exercices: Exercice 27<\/li>\n<li>Vid\u00e9os \u00e0 voir: \/<\/li>\n<li>Travail \u00e0 faire:\n<ul>\n<li>terminer Exercice 27<\/li>\n<li>comprendre ces algorithmes<\/li>\n<\/ul>\n<\/li>\n<\/ul>\n<h1>16.05.2019<\/h1>\n<ul>\n<li>Mati\u00e8re: algorithmes avanc\u00e9s &#8211; min\/max et nombre premier<\/li>\n<li>Cours pages: 40 &#8211; 45<\/li>\n<li>Vid\u00e9os:\u00a0J.4 &#8211; find highest and lowest numbers in a range of numbers, J.5 &#8211; prime numbers \u2013 easiest algorithme\u00a0(optionnel: J.6 &#8211; prime numbers \u2013 optimized algorithm)<\/li>\n<li>Exercices: Exercice 23<\/li>\n<li>Vid\u00e9os \u00e0 voir: \/<\/li>\n<li>Travail \u00e0 faire:\n<ul>\n<li>terminer Exercice 23<\/li>\n<li>comprendre ces algorithmes<\/li>\n<\/ul>\n<\/li>\n<\/ul>\n<h1>02.05.2019<\/h1>\n<ul>\n<li>Mati\u00e8re: algorithmes avanc\u00e9s &#8211; PGCD et PPCM<\/li>\n<li>Cours pages: 40 &#8211; 45<\/li>\n<li>Vid\u00e9os:\u00a0J.1 &#8211; GCD \u2013 search algorithm,\u00a0J.2 &#8211; LCM \u2013 search algorithm,\u00a0J.3 &#8211; GCD \u2013 Euclid algorithm<\/li>\n<li>Exercices: Exercice 22 &#8211; params (\u00e9nonc\u00e9, solution)<\/li>\n<li>Vid\u00e9os \u00e0 voir: \u00a0J.4 &#8211; find highest and lowest numbers in a range of numbers, J.5 &#8211; prime numbers \u2013 easiest algorithm<br \/>\n(optionnel: J.6 &#8211; prime numbers \u2013 optimized algorithm)<\/li>\n<li>Travail \u00e0 faire:\n<ul>\n<li>terminer Exercice 22 &#8211; params<\/li>\n<li>comprendre ces algorithmes<\/li>\n<\/ul>\n<\/li>\n<\/ul>\n<h1>25.04.2019<\/h1>\n<ul>\n<li>Mati\u00e8re: algorithmes avanc\u00e9s &#8211; PGCD et PPCM<\/li>\n<li>Cours pages: 40 &#8211; 45<\/li>\n<li>Vid\u00e9os:\u00a0J.1 &#8211; GCD \u2013 search algorithm,\u00a0J.2 &#8211; LCM \u2013 search algorithm,\u00a0J.3 &#8211; GCD \u2013 Euclid algorithm<\/li>\n<li>Exercices: Exercice 22 &#8211; points f) \u00e0 j)<\/li>\n<li>Vid\u00e9os \u00e0 voir: \/<\/li>\n<li>Travail \u00e0 faire:\n<ul>\n<li>terminer Exercice 22<\/li>\n<li>comprendre ces algorithmes<\/li>\n<\/ul>\n<\/li>\n<\/ul>\n<h1>28.03.2019<\/h1>\n<ul>\n<li>Mati\u00e8re: r\u00e9p\u00e9titive\u00a0<em>tant que<\/em>\u00a0(while) + pour (for) &#8211; Algorithmes de base<\/li>\n<li>Cours pages: 41 et 42<\/li>\n<li>Vid\u00e9os: H.1 &#8211; while loop \u2013 standard algos \u2013 part 1\/3: calculateSum()\u00a0,\u00a0H.2 &#8211; while loop \u2013 standard algos \u2013 part 2\/3: non integer counter, H.3 &#8211; while loop \u2013 standard algos \u2013 part 3\/3: calculatePower()<\/li>\n<li>Exercices: Exercice 22 a) &#8211; e), Exercice 21<\/li>\n<li>Vid\u00e9os \u00e0 voir: I.1 &#8211; for loop , J.1 &#8211; GCD \u2013 search algorithm, J.2 &#8211; LCM \u2013 search algorithm, J.3 &#8211; GCD \u2013 Euclid algorithm<\/li>\n<li>Travail \u00e0 faire:\n<ul>\n<li>traiter vid\u00e9os I.1 et J.1 \u00e0 J.3<\/li>\n<li>terminer Exercice 22 a) &#8211; e), Exercice 21<\/li>\n<\/ul>\n<\/li>\n<\/ul>\n<h1>21.03.2019<\/h1>\n<ul>\n<li>Mati\u00e8re: r\u00e9p\u00e9titive\u00a0<em>tant que<\/em>\u00a0(while) &#8211; Algorithmes de base<\/li>\n<li>Cours pages: 41 et 42<\/li>\n<li>Vid\u00e9os: H.1 &#8211; while loop \u2013 standard algos \u2013 part 1\/3: calculateSum()\u00a0,\u00a0H.2 &#8211; while loop \u2013 standard algos \u2013 part 2\/3: non integer counter,<\/li>\n<li>Exercices: Exercice 20, Exercice 22 a) &#8211; e)<\/li>\n<li>Vid\u00e9os \u00e0 voir: H.3 &#8211; while loop \u2013 standard algos \u2013 part 3\/3: calculatePower()<\/li>\n<li>Travail \u00e0 faire:\n<ul>\n<li>traiter vid\u00e9os H.1 \u00e0 H.3<\/li>\n<li>terminer Exercice 20<\/li>\n<\/ul>\n<\/li>\n<\/ul>\n<h1>14.03.2019<\/h1>\n<ul>\n<li>Mati\u00e8re: r\u00e9p\u00e9titive\u00a0<em>tant que<\/em>\u00a0(while)<\/li>\n<li>Cours pages: 41 et 42<\/li>\n<li>Vid\u00e9os: G.1 &#8211; while loop principles\u00a0<em>(<strong>tr\u00e8s important!<\/strong>)<\/em><\/li>\n<li>Exercices: Exercice 20<\/li>\n<li>Vid\u00e9os \u00e0 voir: H.1 &#8211; while loop \u2013 standard algos \u2013 part 1\/3: calculateSum()\u00a0,\u00a0H.2 &#8211; while loop \u2013 standard algos \u2013 part 2\/3: non integer counter<\/li>\n<li>Travail \u00e0 faire:\n<ul>\n<li>traiter vid\u00e9os H.1 \u00e0 H.2<\/li>\n<\/ul>\n<\/li>\n<\/ul>\n<h1>07.03.2019<\/h1>\n<ul>\n<li>Mati\u00e8re: r\u00e9p\u00e9titive\u00a0<em>tant que<\/em>\u00a0(while)<\/li>\n<li>Cours pages: 41 et 42<\/li>\n<li>Vid\u00e9os: G.1 &#8211; while loop principles\u00a0<em>(<strong>tr\u00e8s important!<\/strong>)<\/em><\/li>\n<li>Exercices: Exercices suppl\u00e9mentaires R1 et R2 (\u00e9nonc\u00e9s, solutions)<\/li>\n<li>Vid\u00e9os \u00e0 voir:<\/li>\n<li>Travail \u00e0 faire:\n<ul>\n<li>r\u00e9viser vid\u00e9o G.1 et le cours<\/li>\n<\/ul>\n<\/li>\n<\/ul>\n<h1>28.02.2019<\/h1>\n<ul>\n<li>Devoir en classe II-1<\/li>\n<li>Mati\u00e8re \u00e0 revoir:\n<ul>\n<li>classes, attributs, constructeur, getters\/setters, m\u00e9thodes, appels de m\u00e9thodes<\/li>\n<li>nombres al\u00e9atoires Math.random()<\/li>\n<li>m\u00e9thodes de Math<\/li>\n<li>alternative (IF)<\/li>\n<li>tous les exercices<\/li>\n<\/ul>\n<\/li>\n<li>Vid\u00e9os \u00e0 voir: G.1 &#8211; while loop principles\u00a0<em>(<strong>tr\u00e8s important!<\/strong>)<\/em>; vid\u00e9os G.2 et G.3 sont optionnelles<em><br \/>\n<\/em><\/li>\n<li>Travail \u00e0 faire:\n<ul>\n<li>traiter \/ voir la vid\u00e9o G.1<\/li>\n<li>lire cours pages 41, 42 et 45 \u00e0 47<\/li>\n<\/ul>\n<\/li>\n<\/ul>\n<h1>14.02.2018<\/h1>\n<ul>\n<li>Mati\u00e8re: alternative (IF) \/ Test II-2 (solution Groupe A, solution Groupe B)<\/li>\n<li>Cours pages: 33 \u00e0 40<\/li>\n<li>Vid\u00e9os:\u00a0\u00a0F.1 \u2013\u00a0IF principles and comparison operators,\u00a0F.2 &#8211; logical operators,\u00a0F.3 &#8211; nested IF structures,\u00a0F.4 &#8211; Creation of a test class \u2013 leap year algorithm<\/li>\n<li>Exercices: Exercice A4 (\u00e9nonc\u00e9, solution)<\/li>\n<li>Vid\u00e9os \u00e0 voir: G.1 &#8211; while loop principles\u00a0<em>(<strong>tr\u00e8s important!<\/strong>)<\/em>; vid\u00e9os G.2 et G.3 sont optionnelles<em><br \/>\n<\/em><\/li>\n<li>Travail \u00e0 faire:\n<ul>\n<li>pr\u00e9parer devoir en classe<\/li>\n<li>revoir la partie sur l&#8217;alternative (structure \/ conditions) !!<\/li>\n<li>Exercice A4 est une <strong>tr\u00e8s<\/strong> bonne pr\u00e9paration!<\/li>\n<li>traiter \/ voir la vid\u00e9o G.1<\/li>\n<li>lire cours pages 41, 42 et 45 \u00e0 47<\/li>\n<\/ul>\n<\/li>\n<\/ul>\n<h1>07.02.2018<\/h1>\n<ul>\n<li>Mati\u00e8re: alternative (IF)<\/li>\n<li>Cours pages: 33 \u00e0 40<\/li>\n<li>Vid\u00e9os:\u00a0\u00a0F.1 \u2013\u00a0IF principles and comparison operators,\u00a0F.2 &#8211; logical operators,\u00a0F.3 &#8211; nested IF structures,\u00a0F.4 &#8211; Creation of a test class \u2013 leap year algorithm<\/li>\n<li>Exercices: Exercice 17<\/li>\n<li>Vid\u00e9os \u00e0 voir: <em>\/<\/em><\/li>\n<li>Travail \u00e0 faire:\n<ul>\n<li>terminer exercice 17<\/li>\n<li>revoir la partie sur l&#8217;alternative (structure \/ conditions) !!<\/li>\n<\/ul>\n<\/li>\n<\/ul>\n<h1>31.01.2018<\/h1>\n<ul>\n<li>Mati\u00e8re: alternative (IF)<\/li>\n<li>Cours pages: 33 \u00e0 40<\/li>\n<li>Vid\u00e9os:\u00a0\u00a0F.1 \u2013\u00a0IF principles and comparison operators,\u00a0F.2 &#8211; logical operators,\u00a0F.3 &#8211; nested IF structures,\u00a0F.4 &#8211; Creation of a test class \u2013 leap year algorithm<\/li>\n<li>Exercices: Exercice 15 (avec classe de test), Exercice 16<\/li>\n<li>Vid\u00e9os \u00e0 voir: <em>\/<\/em><\/li>\n<li>Travail \u00e0 faire:\n<ul>\n<li>terminer exercice 16<\/li>\n<li>revoir la partie sur l&#8217;alternative (structure \/ conditions)<\/li>\n<\/ul>\n<\/li>\n<li><em>Note: la structure r\u00e9p\u00e9titive (while) sera trait\u00e9e ult\u00e9rieurement<\/em><\/li>\n<\/ul>\n<h1>24.01.2018<\/h1>\n<ul>\n<li>Mati\u00e8re: alternative (IF)<\/li>\n<li>Cours pages: 33 \u00e0 40<\/li>\n<li>Vid\u00e9os:\u00a0\u00a0F.1 \u2013\u00a0IF principles and comparison operators,\u00a0F.2 &#8211; logical operators,\u00a0F.3 &#8211; nested IF structures,\u00a0F.4 &#8211; Creation of a test class \u2013 leap year algorithm<\/li>\n<li>Exercices: Exercice A3 &#8211; d\u00e9but: pair\/impair (\u00e9nonc\u00e9, solution)<\/li>\n<li>Vid\u00e9os \u00e0 voir: \u00a0G.1 &#8211; while loop principles\u00a0<em>(<strong>tr\u00e8s important!<\/strong>)<\/em>,\u00a0G.2 &#8211; from NS diagrams to java code\u00a0<em>(optionnel)<\/em>,\u00a0G.3 &#8211; Tableau d\u2019ex\u00e9cution\u00a0<em>(optionnel)<\/em><\/li>\n<li>Travail \u00e0 faire:\n<ul>\n<li>terminer exercice A3<\/li>\n<li>traiter vid\u00e9os G.1 (optionnels G2 et G.3)<\/li>\n<li>lire cours pages 41, 42 et 45 \u00e0 47<\/li>\n<li>optionnellement, faire exercice A2 (\u00e9nonc\u00e9, solution)<\/li>\n<\/ul>\n<\/li>\n<\/ul>\n<h1>17.01.2019<\/h1>\n<ul>\n<li>Mati\u00e8re: alternative (IF)<\/li>\n<li>Cours pages: 1 \u00e0 32<\/li>\n<li>Vid\u00e9os: F.1 \u2013\u00a0IF principles and comparison operators,\u00a0F.2 &#8211; logical operators,\u00a0F.3 &#8211; nested IF structures,\u00a0F.4 &#8211; Creation of a test class \u2013 leap year algorithm<\/li>\n<li>Exercices: Exercice A1 (\u00e9nonc\u00e9, solution avec classe de test)<\/li>\n<li>Vid\u00e9os \u00e0 voir: <em>\/<\/em><\/li>\n<li>Travail \u00e0 faire:\n<ul>\n<li>terminer exercice A1<\/li>\n<\/ul>\n<\/li>\n<\/ul>\n<h1>10.01.2019<\/h1>\n<ul>\n<li>Mati\u00e8re: alternative (IF)<\/li>\n<li>Cours pages: 1 \u00e0 32<\/li>\n<li>Vid\u00e9os: F.1 \u2013\u00a0IF principles and comparison operators,\u00a0F.2 &#8211; logical operators,\u00a0F.3 &#8211; nested IF structures,\u00a0F.4 &#8211; Creation of a test class \u2013 leap year algorithm<\/li>\n<li>Exercices: Exercice 13, Exercice 14 (version 1 &#8211; base, version 2, version 3)<\/li>\n<li>Vid\u00e9os \u00e0 voir: \/<\/li>\n<li>Travail \u00e0 faire:\n<ul>\n<li>terminer exercies<\/li>\n<\/ul>\n<\/li>\n<\/ul>\n<h1>13.12.2018<\/h1>\n<ul>\n<li>Mati\u00e8re: Correction tr\u00e8s en d\u00e9tail du Devoir I-2<\/li>\n<li>Cours pages: 1 \u00e0 32<\/li>\n<li>Vid\u00e9os: F.1 \u2013\u00a0IF principles and comparison operators,\u00a0F.2 &#8211; logical operators,\u00a0F.3 &#8211; nested IF structures,\u00a0F.4 &#8211; Creation of a test class \u2013 leap year algorithm<\/li>\n<li>Exercices:\u00a0\/<\/li>\n<li>Vid\u00e9os \u00e0 voir: \/<\/li>\n<li>Travail \u00e0 faire:\n<ul>\n<li>revoir la partie sur l&#8217;alternative<\/li>\n<\/ul>\n<\/li>\n<\/ul>\n<h1>06.12.2018<\/h1>\n<ul>\n<li>Devoir en classe I-2<\/li>\n<li>Mati\u00e8re \u00e0 revoir:\n<ul>\n<li>classes, attributs, constructeur, getters\/setters, m\u00e9thodes, appels de m\u00e9thodes<\/li>\n<li>nombres al\u00e9atoires Math.random()<\/li>\n<li>alternative (IF)<\/li>\n<li>tous les exercices<\/li>\n<\/ul>\n<\/li>\n<\/ul>\n<h1>29.11.2018<\/h1>\n<ul>\n<li>Mati\u00e8re: alternative (IF)<\/li>\n<li>Cours pages: 1 \u00e0 32<\/li>\n<li>Vid\u00e9os: F.1 \u2013\u00a0IF principles and comparison operators,\u00a0F.2 &#8211; logical operators,\u00a0F.3 &#8211; nested IF structures,\u00a0F.4 &#8211; Creation of a test class \u2013 leap year algorithm<\/li>\n<li>Exercices: Exercice 11, Exercice 12 (solutions: base, avec classe de test)<\/li>\n<li>Vid\u00e9os \u00e0 voir: \/<\/li>\n<li>Travail \u00e0 faire:\n<ul>\n<li>terminer Exercices 11 et 12<\/li>\n<\/ul>\n<\/li>\n<\/ul>\n<h1>\u00a022.11.2018<\/h1>\n<ul>\n<li>Mati\u00e8re: Math.random() + alternative (IF) + Test (20 points) &#8211; solution (GrpA, GrpB)<\/li>\n<li>Cours pages: 33 \u00e0 40<\/li>\n<li>Vid\u00e9os: F.1 \u2013\u00a0IF principles and comparison operators,\u00a0F.2 &#8211; logical operators,\u00a0F.3 &#8211; nested IF structures,\u00a0F.4 &#8211; Creation of a test class \u2013 leap year algorithm<\/li>\n<li>Exercices:\u00a0 Exercice 10 (solutions: base, avanc\u00e9e sans IF, avanc\u00e9e avec IF)<\/li>\n<li>Vid\u00e9os \u00e0 voir: \/<\/li>\n<li>Travail \u00e0 faire:\n<ul>\n<li>terminer Exercice 10<\/li>\n<\/ul>\n<\/li>\n<\/ul>\n<h1>15.11.2018<\/h1>\n<ul>\n<li>Mati\u00e8re: Correction Test I-2 (solutions: GrpA, GrpB)<\/li>\n<li>Cours pages: 1 \u00e0 32<\/li>\n<li>Vid\u00e9os:\u00a0 \/<\/li>\n<li>Exercices:\u00a0 \/<\/li>\n<li>Vid\u00e9os \u00e0 voir:\u00a0 \u00a0F.1 \u2013\u00a0IF principles and comparison operators,\u00a0F.2 &#8211; logical operators,<br \/>\nF.3 &#8211; nested IF structures,\u00a0F.4 &#8211; Creation of a test class \u2013 leap year algorithm<\/li>\n<li>Travail \u00e0 faire:\n<ul>\n<li>lire cours pages 31 et 35<\/li>\n<li>traiter vid\u00e9os F.1 \u00e0 F.4<\/li>\n<li>lire cours pages 36 \u00e0 40<\/li>\n<li>revoir les principes d&#8217;un nombre al\u00e9atoire &#8211; Math.random()<\/li>\n<\/ul>\n<\/li>\n<\/ul>\n<h1>08.11.2018<\/h1>\n<ul>\n<li>Mati\u00e8re: Math.random() + Test (20 points)<\/li>\n<li>Cours pages: 1 \u00e0 32<\/li>\n<li>Vid\u00e9os:\u00a0 \/<\/li>\n<li>Exercices:\u00a0 \/<\/li>\n<li>Vid\u00e9os \u00e0 voir:\u00a0 \u00a0F.1 \u2013\u00a0IF principles and comparison operators,\u00a0F.2 &#8211; logical operators,<br \/>\nF.3 &#8211; nested IF structures,\u00a0F.4 &#8211; Creation of a test class \u2013 leap year algorithm<\/li>\n<li>Travail \u00e0 faire:\n<ul>\n<li>lire cours pages 31 et 32<\/li>\n<li>traiter vid\u00e9os F.1 \u00e0 F.4<\/li>\n<li>lire cours pages 36 \u00e0 40<\/li>\n<\/ul>\n<\/li>\n<\/ul>\n<h1>25.10.2018<\/h1>\n<ul>\n<li>Mati\u00e8re: Exercices sur les variables et m\u00e9thodes<\/li>\n<li>Cours pages: 1 \u00e0 30<\/li>\n<li>Vid\u00e9os: C \u2013 Variables et D \u2013 M\u00e9thodes<\/li>\n<li>Exercices:\u00a0 Exercice 07,\u00a0Exercice 08 et Exercice 09<\/li>\n<li>Vid\u00e9os \u00e0 voir:\u00a0 \/<\/li>\n<li>Travail \u00e0 faire:\n<ul>\n<li>terminer exercices<\/li>\n<li>r\u00e9viser toute la mati\u00e8re trait\u00e9e jusqu\u2019ici<\/li>\n<\/ul>\n<\/li>\n<\/ul>\n<h1>18.10.2018<\/h1>\n<ul>\n<li>Pas cours<\/li>\n<li>Travail \u00e0 faire:\n<ul>\n<li>r\u00e9viser toute la mati\u00e8re trait\u00e9e jusqu\u2019ici (vid\u00e9os, cours, exercices)<\/li>\n<\/ul>\n<\/li>\n<\/ul>\n<h1>11.10.2018<\/h1>\n<ul>\n<li>Mati\u00e8re: Exercices sur les variables et m\u00e9thodes<\/li>\n<li>Cours pages: 1 \u00e0 30<\/li>\n<li>Vid\u00e9os: C \u2013 Variables et D \u2013 M\u00e9thodes<\/li>\n<li>Exercices:\u00a0\u00a0Exercice 04 et Exercice 06<\/li>\n<li>Vid\u00e9os \u00e0 voir:\u00a0 \/<\/li>\n<li>Travail \u00e0 faire:\n<ul>\n<li>r\u00e9viser toute la mati\u00e8re trait\u00e9e jusqu\u2019ici<\/li>\n<\/ul>\n<\/li>\n<\/ul>\n<h1>04.10.2018<\/h1>\n<ul>\n<li>Mati\u00e8re: Variables + Types<\/li>\n<li>Cours pages:\u00a0 24 \u00e0 28<\/li>\n<li>Vid\u00e9os:\u00a0 C \u2013 Variables<\/li>\n<li>Exercices:\u00a0 Exercice sur les types page 28<\/li>\n<li>Vid\u00e9os \u00e0 voir:\u00a0C.5 \u2013 swap,\u00a0D.1 \u2013 methods: introduction,\u00a0D.2 \u2013 methods: introduction revisited,<br \/>\nD.3 \u2013 methods: special cases \u2013 getters, setters and constructors,<br \/>\nD.4 \u2013 methods: scoping of variables (attributs, parameters and local variables)<\/li>\n<li>Travail \u00e0 faire:\n<ul>\n<li>traiter vid\u00e9o C.5<\/li>\n<li>lire cours pages 29 et 30<\/li>\n<li>traiter vid\u00e9os D.1 \u00e0 D.4<\/li>\n<li>lire cours pages 17 \u00e0 23<\/li>\n<\/ul>\n<\/li>\n<\/ul>\n<h1>27.09.2017<\/h1>\n<ul>\n<li>Mati\u00e8re: Introduction Objets + Variables<\/li>\n<li>Cours pages:\u00a0 \/<\/li>\n<li>Vid\u00e9os:\u00a0 \/<\/li>\n<li>Exercices:\u00a0 \/<\/li>\n<li>Vid\u00e9os \u00e0 voir (<strong>pendant le cours<\/strong>): B.1 &#8211; classes and objects , B.2 &#8211; classes in Java \u2013 first look, B.3 &#8211; unimozer interface basics<\/li>\n<li>Travail \u00e0 faire (<strong>pendant le cours<\/strong>):\n<ul>\n<li>traiter vid\u00e9os B.1 \u00e0 B.3<\/li>\n<li>lire cours pages 1 \u00e0 9<\/li>\n<li>programmer projet Ball-Vid\u00e9os (1er Projet)<\/li>\n<li>lire cours pages 10 \u00e0 16<\/li>\n<li>programmer projet Ball-Cours (2\u00e8me Projet)<\/li>\n<\/ul>\n<\/li>\n<li>Vid\u00e9os \u00e0 voir (<strong>\u00e0 la maison<\/strong>):\u00a0C.1 &#8211; introduction to variables, C.2 &#8211; basic types and String, C.3 &#8211; operations and expressions, C.4 &#8211; type casting<\/li>\n<li>Travail \u00e0 faire (<strong>\u00e0 la maison<\/strong>):\n<ul>\n<li>traiter vid\u00e9os C.1 \u00e0 C.4<\/li>\n<li>lire cours pages 24 \u00e0 28<\/li>\n<\/ul>\n<\/li>\n<\/ul>\n<h1>20.09.2018<\/h1>\n<ul>\n<li>Mati\u00e8re: Pr\u00e9sentation et Introduction<\/li>\n<li>Cours pages: \/<\/li>\n<li>Vid\u00e9os:\u00a0 \/<\/li>\n<li>Exercices:\u00a0 \/<\/li>\n<li>Vid\u00e9os \u00e0 voir:\u00a0 A.1 &#8211; how to install Java JDK et A.2 &#8211; how to install unimozer<\/li>\n<li>Travail \u00e0 faire:\n<ul>\n<li>faire une photo de \u00a0 javac\u00a0 -version<\/li>\n<li>faire un screenshot de Unimozer<\/li>\n<\/ul>\n<\/li>\n<\/ul>\n","protected":false},"excerpt":{"rendered":"<p>Actuellement le cours de la 3GIG est dans le chapitre: Boucles imbriqu\u00e9es Les exercices ont \u00e9galement leur solution PDF (apr\u00e8s avoir \u00e9t\u00e9 trait\u00e9s). Toutes les vid\u00e9os sont ici&#8230; 27.06.2019 Mati\u00e8re: boucles imbriqu\u00e9es Cours pages: 1 &#8211; 47 Vid\u00e9os: \/ Exercices: Exercice 29 et 30 modifi\u00e9s (\u00e9nonc\u00e9s) &#8211; solutions: 29, 30 [ Exercice 26 modifi\u00e9 (\u00e9nonc\u00e9) [&hellip;]<\/p>\n","protected":false},"author":1,"featured_media":0,"parent":0,"menu_order":0,"comment_status":"closed","ping_status":"closed","template":"page-templates\/full-width.php","meta":{"footnotes":""},"class_list":["post-98","page","type-page","status-publish","hentry"],"_links":{"self":[{"href":"https:\/\/informatique.ltett.lu\/index.php?rest_route=\/wp\/v2\/pages\/98","targetHints":{"allow":["GET"]}}],"collection":[{"href":"https:\/\/informatique.ltett.lu\/index.php?rest_route=\/wp\/v2\/pages"}],"about":[{"href":"https:\/\/informatique.ltett.lu\/index.php?rest_route=\/wp\/v2\/types\/page"}],"author":[{"embeddable":true,"href":"https:\/\/informatique.ltett.lu\/index.php?rest_route=\/wp\/v2\/users\/1"}],"replies":[{"embeddable":true,"href":"https:\/\/informatique.ltett.lu\/index.php?rest_route=%2Fwp%2Fv2%2Fcomments&post=98"}],"version-history":[{"count":375,"href":"https:\/\/informatique.ltett.lu\/index.php?rest_route=\/wp\/v2\/pages\/98\/revisions"}],"predecessor-version":[{"id":2372,"href":"https:\/\/informatique.ltett.lu\/index.php?rest_route=\/wp\/v2\/pages\/98\/revisions\/2372"}],"wp:attachment":[{"href":"https:\/\/informatique.ltett.lu\/index.php?rest_route=%2Fwp%2Fv2%2Fmedia&parent=98"}],"curies":[{"name":"wp","href":"https:\/\/api.w.org\/{rel}","templated":true}]}}